{"id":3838,"date":"2022-09-06T08:15:51","date_gmt":"2022-09-06T06:15:51","guid":{"rendered":"http:\/\/webla.cz\/wonderland\/?page_id=3838"},"modified":"2022-09-09T14:32:42","modified_gmt":"2022-09-09T12:32:42","slug":"prijimani-zaku-cizincu-international-students","status":"publish","type":"page","link":"https:\/\/www.wonderlandacademy.cz\/en\/zakladni-skola-2-stupen\/prijimani-zaku-cizincu-international-students\/","title":{"rendered":"Admission of international Students"},"content":{"rendered":"<div data-elementor-type=\"wp-page\" data-elementor-id=\"3838\" class=\"elementor elementor-3838\" data-elementor-post-type=\"page\">\n\t\t\t\t\t\t<section class=\"elementor-section elementor-top-section elementor-element elementor-element-1cae81c6 elementor-section-full_width elementor-section-height-default elementor-section-height-default\" data-id=\"1cae81c6\" data-element_type=\"section\" data-settings=\"{&quot;background_background&quot;:&quot;classic&quot;}\">\n\t\t\t\t\t\t<div class=\"elementor-container elementor-column-gap-default\">\n\t\t\t\t\t<div class=\"elementor-column elementor-col-50 elementor-top-column elementor-element elementor-element-1237da9b\" data-id=\"1237da9b\" data-element_type=\"column\" data-settings=\"{&quot;background_background&quot;:&quot;classic&quot;}\">\n\t\t\t<div class=\"elementor-widget-wrap elementor-element-populated\">\n\t\t\t\t\t\t<div class=\"elementor-element elementor-element-44e0371e elementor-align-justify elementor-hidden-tablet elementor-hidden-mobile elementor-widget elementor-widget-button\" data-id=\"44e0371e\" data-element_type=\"widget\" data-settings=\"{&quot;sticky&quot;:&quot;top&quot;,&quot;sticky_on&quot;:[&quot;desktop&quot;],&quot;sticky_offset&quot;:3,&quot;sticky_effects_offset&quot;:0}\" data-widget_type=\"button.default\">\n\t\t\t\t<div class=\"elementor-widget-container\">\n\t\t\t\t\t<div class=\"elementor-button-wrapper\">\n\t\t\t<a class=\"elementor-button elementor-button-link elementor-size-sm\" href=\"#int-students\">\n\t\t\t\t\t\t<span class=\"elementor-button-content-wrapper\">\n\t\t\t\t\t\t<span class=\"elementor-button-icon\">\n\t\t\t\t<i aria-hidden=\"true\" class=\"fas fa-angle-right\"><\/i>\t\t\t<\/span>\n\t\t\t\t\t\t\t\t\t<span class=\"elementor-button-text\">International students<\/span>\n\t\t\t\t\t<\/span>\n\t\t\t\t\t<\/a>\n\t\t<\/div>\n\t\t\t\t<\/div>\n\t\t\t\t<\/div>\n\t\t\t\t<section class=\"elementor-section elementor-inner-section elementor-element elementor-element-3285e029 elementor-section-full_width elementor-hidden-desktop elementor-section-height-default elementor-section-height-default\" data-id=\"3285e029\" data-element_type=\"section\">\n\t\t\t\t\t\t<div class=\"elementor-container elementor-column-gap-default\">\n\t\t\t\t\t<div class=\"elementor-column elementor-col-50 elementor-inner-column elementor-element elementor-element-416c4b48\" data-id=\"416c4b48\" data-element_type=\"column\">\n\t\t\t<div class=\"elementor-widget-wrap elementor-element-populated\">\n\t\t\t\t\t\t<div class=\"elementor-element elementor-element-38b3dc9d elementor-align-justify elementor-mobile-align-justify elementor-widget elementor-widget-button\" data-id=\"38b3dc9d\" data-element_type=\"widget\" data-widget_type=\"button.default\">\n\t\t\t\t<div class=\"elementor-widget-container\">\n\t\t\t\t\t<div class=\"elementor-button-wrapper\">\n\t\t\t<a class=\"elementor-button elementor-button-link elementor-size-sm\" href=\"#int-students\">\n\t\t\t\t\t\t<span class=\"elementor-button-content-wrapper\">\n\t\t\t\t\t\t<span class=\"elementor-button-icon\">\n\t\t\t\t<i aria-hidden=\"true\" class=\"fas fa-angle-right\"><\/i>\t\t\t<\/span>\n\t\t\t\t\t\t\t\t\t<span class=\"elementor-button-text\">International students<\/span>\n\t\t\t\t\t<\/span>\n\t\t\t\t\t<\/a>\n\t\t<\/div>\n\t\t\t\t<\/div>\n\t\t\t\t<\/div>\n\t\t\t\t\t<\/div>\n\t\t<\/div>\n\t\t\t\t<div class=\"elementor-column elementor-col-50 elementor-inner-column elementor-element elementor-element-73e9b199\" data-id=\"73e9b199\" data-element_type=\"column\">\n\t\t\t<div class=\"elementor-widget-wrap\">\n\t\t\t\t\t\t\t<\/div>\n\t\t<\/div>\n\t\t\t\t\t<\/div>\n\t\t<\/section>\n\t\t\t\t\t<\/div>\n\t\t<\/div>\n\t\t\t\t<div class=\"elementor-column elementor-col-50 elementor-top-column elementor-element elementor-element-64d5970e elementor-invisible\" data-id=\"64d5970e\" data-element_type=\"column\" data-settings=\"{&quot;animation&quot;:&quot;fadeIn&quot;,&quot;background_background&quot;:&quot;classic&quot;}\">\n\t\t\t<div class=\"elementor-widget-wrap elementor-element-populated\">\n\t\t\t\t\t\t<section class=\"elementor-section elementor-inner-section elementor-element elementor-element-2fd78bfc elementor-section-boxed elementor-section-height-default elementor-section-height-default\" data-id=\"2fd78bfc\" data-element_type=\"section\">\n\t\t\t\t\t\t<div class=\"elementor-container elementor-column-gap-default\">\n\t\t\t\t\t<div class=\"elementor-column elementor-col-100 elementor-inner-column elementor-element elementor-element-514631c4\" data-id=\"514631c4\" data-element_type=\"column\">\n\t\t\t<div class=\"elementor-widget-wrap elementor-element-populated\">\n\t\t\t\t\t\t<div class=\"elementor-element elementor-element-180b4dff elementor-widget elementor-widget-heading\" data-id=\"180b4dff\" data-element_type=\"widget\" data-widget_type=\"heading.default\">\n\t\t\t\t<div class=\"elementor-widget-container\">\n\t\t\t<style>\/*! elementor - v3.23.0 - 05-08-2024 *\/\n.elementor-heading-title{padding:0;margin:0;line-height:1}.elementor-widget-heading .elementor-heading-title[class*=elementor-size-]>a{color:inherit;font-size:inherit;line-height:inherit}.elementor-widget-heading .elementor-heading-title.elementor-size-small{font-size:15px}.elementor-widget-heading .elementor-heading-title.elementor-size-medium{font-size:19px}.elementor-widget-heading .elementor-heading-title.elementor-size-large{font-size:29px}.elementor-widget-heading .elementor-heading-title.elementor-size-xl{font-size:39px}.elementor-widget-heading .elementor-heading-title.elementor-size-xxl{font-size:59px}<\/style><h2 class=\"elementor-heading-title elementor-size-default\">Admission of international Students<\/h2>\t\t<\/div>\n\t\t\t\t<\/div>\n\t\t\t\t<div class=\"elementor-element elementor-element-613b867e elementor-widget elementor-widget-text-editor\" data-id=\"613b867e\" data-element_type=\"widget\" data-widget_type=\"text-editor.default\">\n\t\t\t\t<div class=\"elementor-widget-container\">\n\t\t\t<style>\/*! elementor - v3.23.0 - 05-08-2024 *\/\n.elementor-widget-text-editor.elementor-drop-cap-view-stacked .elementor-drop-cap{background-color:#69727d;color:#fff}.elementor-widget-text-editor.elementor-drop-cap-view-framed .elementor-drop-cap{color:#69727d;border:3px solid;background-color:transparent}.elementor-widget-text-editor:not(.elementor-drop-cap-view-default) .elementor-drop-cap{margin-top:8px}.elementor-widget-text-editor:not(.elementor-drop-cap-view-default) .elementor-drop-cap-letter{width:1em;height:1em}.elementor-widget-text-editor .elementor-drop-cap{float:left;text-align:center;line-height:1;font-size:50px}.elementor-widget-text-editor .elementor-drop-cap-letter{display:inline-block}<\/style>\t\t\t\t<p>Our school is also open to students who do not have Czech nationality. On average, about 25% of each class consists of foreign students. A condition for the admission of these students is a good knowledge of English, which will be the primary language of their education. At the same time, foreign students must enroll in the school for intensive study of Czech as a second language in small groups, and pay for the above-standard support of a language assistant in the classroom as needed.<\/p><p>If you are interested, send us a non-binding <a href=\"https:\/\/www.wonderlandacademy.cz\/en\/zakladni-skola-2-stupen\/prihlaska\/\">application form<\/a>.<\/p>\t\t\t\t\t\t<\/div>\n\t\t\t\t<\/div>\n\t\t\t\t\t<\/div>\n\t\t<\/div>\n\t\t\t\t\t<\/div>\n\t\t<\/section>\n\t\t\t\t\t<\/div>\n\t\t<\/div>\n\t\t\t\t\t<\/div>\n\t\t<\/section>\n\t\t\t\t<\/div>","protected":false},"excerpt":{"rendered":"<p>International students International students P\u0159ij\u00edm\u00e1n\u00ed \u017e\u00e1k\u016f-cizinc\u016f (international students) Na\u0161e \u0161kola je otev\u0159ena i student\u016fm, kte\u0159\u00ed nemaj\u00ed \u010deskou n\u00e1rodnost. Pr\u016fm\u011brn\u011b je ve t\u0159\u00edd\u011b 1\/5 \u2013 1\/4 student\u016f-cizinc\u016f. Podm\u00ednkou pro p\u0159ijet\u00ed t\u011bchto student\u016f je dobr\u00e1 znalost angli\u010dtiny, kter\u00e1 bude prim\u00e1rn\u00edm jazykem jejich vzd\u011bl\u00e1v\u00e1n\u00ed. Sou\u010dasn\u011b se \u017e\u00e1ci-cizinci musej\u00ed ve \u0161kole zapsat k intenzivn\u00edmu studium \u010de\u0161tiny jako druh\u00e9ho jazyka [&hellip;]<\/p>","protected":false},"author":1,"featured_media":0,"parent":628,"menu_order":0,"comment_status":"closed","ping_status":"closed","template":"","meta":{"footnotes":""},"class_list":["post-3838","page","type-page","status-publish","hentry"],"yoast_head":"<!-- This site is optimized with the Yoast SEO plugin v24.3 - https:\/\/yoast.com\/wordpress\/plugins\/seo\/ -->\n<title>P\u0159ij\u00edm\u00e1n\u00ed \u017e\u00e1k\u016f-cizinc\u016f (international students) - Z\u00e1kladn\u00ed \u0161kola Wonderland Academy<\/title>\n<meta name=\"robots\" content=\"index, follow, max-snippet:-1, max-image-preview:large, max-video-preview:-1\" \/>\n<link rel=\"canonical\" href=\"https:\/\/www.wonderlandacademy.cz\/en\/zakladni-skola-2-stupen\/prijimani-zaku-cizincu-international-students\/\" \/>\n<meta property=\"og:locale\" content=\"en_GB\" \/>\n<meta property=\"og:type\" content=\"article\" \/>\n<meta property=\"og:title\" content=\"P\u0159ij\u00edm\u00e1n\u00ed \u017e\u00e1k\u016f-cizinc\u016f (international students) - Z\u00e1kladn\u00ed \u0161kola Wonderland Academy\" \/>\n<meta property=\"og:description\" content=\"International students International students P\u0159ij\u00edm\u00e1n\u00ed \u017e\u00e1k\u016f-cizinc\u016f (international students) Na\u0161e \u0161kola je otev\u0159ena i student\u016fm, kte\u0159\u00ed nemaj\u00ed \u010deskou n\u00e1rodnost. Pr\u016fm\u011brn\u011b je ve t\u0159\u00edd\u011b 1\/5 \u2013 1\/4 student\u016f-cizinc\u016f. Podm\u00ednkou pro p\u0159ijet\u00ed t\u011bchto student\u016f je dobr\u00e1 znalost angli\u010dtiny, kter\u00e1 bude prim\u00e1rn\u00edm jazykem jejich vzd\u011bl\u00e1v\u00e1n\u00ed. Sou\u010dasn\u011b se \u017e\u00e1ci-cizinci musej\u00ed ve \u0161kole zapsat k intenzivn\u00edmu studium \u010de\u0161tiny jako druh\u00e9ho jazyka [&hellip;]\" \/>\n<meta property=\"og:url\" content=\"https:\/\/www.wonderlandacademy.cz\/en\/zakladni-skola-2-stupen\/prijimani-zaku-cizincu-international-students\/\" \/>\n<meta property=\"og:site_name\" content=\"Z\u00e1kladn\u00ed \u0161kola Wonderland Academy\" \/>\n<meta property=\"article:modified_time\" content=\"2022-09-09T12:32:42+00:00\" \/>\n<meta name=\"twitter:card\" content=\"summary_large_image\" \/>\n<meta name=\"twitter:label1\" content=\"Estimated reading time\" \/>\n\t<meta name=\"twitter:data1\" content=\"1 minute\" \/>\n<script type=\"application\/ld+json\" class=\"yoast-schema-graph\">{\"@context\":\"https:\/\/schema.org\",\"@graph\":[{\"@type\":\"WebPage\",\"@id\":\"https:\/\/www.wonderlandacademy.cz\/zakladni-skola-2-stupen\/prijimani-zaku-cizincu-international-students\/\",\"url\":\"https:\/\/www.wonderlandacademy.cz\/zakladni-skola-2-stupen\/prijimani-zaku-cizincu-international-students\/\",\"name\":\"P\u0159ij\u00edm\u00e1n\u00ed \u017e\u00e1k\u016f-cizinc\u016f (international students) - Z\u00e1kladn\u00ed \u0161kola Wonderland Academy\",\"isPartOf\":{\"@id\":\"https:\/\/www.wonderlandacademy.cz\/#website\"},\"datePublished\":\"2022-09-06T06:15:51+00:00\",\"dateModified\":\"2022-09-09T12:32:42+00:00\",\"breadcrumb\":{\"@id\":\"https:\/\/www.wonderlandacademy.cz\/zakladni-skola-2-stupen\/prijimani-zaku-cizincu-international-students\/#breadcrumb\"},\"inLanguage\":\"en-GB\",\"potentialAction\":[{\"@type\":\"ReadAction\",\"target\":[\"https:\/\/www.wonderlandacademy.cz\/zakladni-skola-2-stupen\/prijimani-zaku-cizincu-international-students\/\"]}]},{\"@type\":\"BreadcrumbList\",\"@id\":\"https:\/\/www.wonderlandacademy.cz\/zakladni-skola-2-stupen\/prijimani-zaku-cizincu-international-students\/#breadcrumb\",\"itemListElement\":[{\"@type\":\"ListItem\",\"position\":1,\"name\":\"Dom\u016f\",\"item\":\"https:\/\/www.wonderlandacademy.cz\/\"},{\"@type\":\"ListItem\",\"position\":2,\"name\":\"Z\u00e1kladn\u00ed \u0161kola &#8211; 2. stupe\u0148\",\"item\":\"https:\/\/www.wonderlandacademy.cz\/zakladni-skola-2-stupen\/\"},{\"@type\":\"ListItem\",\"position\":3,\"name\":\"P\u0159ij\u00edm\u00e1n\u00ed \u017e\u00e1k\u016f-cizinc\u016f (international students)\"}]},{\"@type\":\"WebSite\",\"@id\":\"https:\/\/www.wonderlandacademy.cz\/#website\",\"url\":\"https:\/\/www.wonderlandacademy.cz\/\",\"name\":\"Z\u00e1kladn\u00ed \u0161kola Wonderland Academy\",\"description\":\"Tvo\u0159\u00edme budoucnost Va\u0161ich d\u011bt\u00ed\",\"publisher\":{\"@id\":\"https:\/\/www.wonderlandacademy.cz\/#organization\"},\"potentialAction\":[{\"@type\":\"SearchAction\",\"target\":{\"@type\":\"EntryPoint\",\"urlTemplate\":\"https:\/\/www.wonderlandacademy.cz\/?s={search_term_string}\"},\"query-input\":{\"@type\":\"PropertyValueSpecification\",\"valueRequired\":true,\"valueName\":\"search_term_string\"}}],\"inLanguage\":\"en-GB\"},{\"@type\":\"Organization\",\"@id\":\"https:\/\/www.wonderlandacademy.cz\/#organization\",\"name\":\"Z\u00e1kladn\u00ed \u0161kola Wonderland Academy\",\"url\":\"https:\/\/www.wonderlandacademy.cz\/\",\"logo\":{\"@type\":\"ImageObject\",\"inLanguage\":\"en-GB\",\"@id\":\"https:\/\/www.wonderlandacademy.cz\/#\/schema\/logo\/image\/\",\"url\":\"https:\/\/www.wonderlandacademy.cz\/wp-content\/uploads\/2021\/12\/logo-wa3.svg\",\"contentUrl\":\"https:\/\/www.wonderlandacademy.cz\/wp-content\/uploads\/2021\/12\/logo-wa3.svg\",\"width\":100,\"height\":100,\"caption\":\"Z\u00e1kladn\u00ed \u0161kola Wonderland Academy\"},\"image\":{\"@id\":\"https:\/\/www.wonderlandacademy.cz\/#\/schema\/logo\/image\/\"}}]}<\/script>\n<!-- \/ Yoast SEO plugin. -->","yoast_head_json":{"title":"P\u0159ij\u00edm\u00e1n\u00ed \u017e\u00e1k\u016f-cizinc\u016f (international students) - Z\u00e1kladn\u00ed \u0161kola Wonderland Academy","robots":{"index":"index","follow":"follow","max-snippet":"max-snippet:-1","max-image-preview":"max-image-preview:large","max-video-preview":"max-video-preview:-1"},"canonical":"https:\/\/www.wonderlandacademy.cz\/en\/zakladni-skola-2-stupen\/prijimani-zaku-cizincu-international-students\/","og_locale":"en_GB","og_type":"article","og_title":"P\u0159ij\u00edm\u00e1n\u00ed \u017e\u00e1k\u016f-cizinc\u016f (international students) - Z\u00e1kladn\u00ed \u0161kola Wonderland Academy","og_description":"International students International students P\u0159ij\u00edm\u00e1n\u00ed \u017e\u00e1k\u016f-cizinc\u016f (international students) Na\u0161e \u0161kola je otev\u0159ena i student\u016fm, kte\u0159\u00ed nemaj\u00ed \u010deskou n\u00e1rodnost. Pr\u016fm\u011brn\u011b je ve t\u0159\u00edd\u011b 1\/5 \u2013 1\/4 student\u016f-cizinc\u016f. Podm\u00ednkou pro p\u0159ijet\u00ed t\u011bchto student\u016f je dobr\u00e1 znalost angli\u010dtiny, kter\u00e1 bude prim\u00e1rn\u00edm jazykem jejich vzd\u011bl\u00e1v\u00e1n\u00ed. Sou\u010dasn\u011b se \u017e\u00e1ci-cizinci musej\u00ed ve \u0161kole zapsat k intenzivn\u00edmu studium \u010de\u0161tiny jako druh\u00e9ho jazyka [&hellip;]","og_url":"https:\/\/www.wonderlandacademy.cz\/en\/zakladni-skola-2-stupen\/prijimani-zaku-cizincu-international-students\/","og_site_name":"Z\u00e1kladn\u00ed \u0161kola Wonderland Academy","article_modified_time":"2022-09-09T12:32:42+00:00","twitter_card":"summary_large_image","twitter_misc":{"Estimated reading time":"1 minute"},"schema":{"@context":"https:\/\/schema.org","@graph":[{"@type":"WebPage","@id":"https:\/\/www.wonderlandacademy.cz\/zakladni-skola-2-stupen\/prijimani-zaku-cizincu-international-students\/","url":"https:\/\/www.wonderlandacademy.cz\/zakladni-skola-2-stupen\/prijimani-zaku-cizincu-international-students\/","name":"P\u0159ij\u00edm\u00e1n\u00ed \u017e\u00e1k\u016f-cizinc\u016f (international students) - Z\u00e1kladn\u00ed \u0161kola Wonderland Academy","isPartOf":{"@id":"https:\/\/www.wonderlandacademy.cz\/#website"},"datePublished":"2022-09-06T06:15:51+00:00","dateModified":"2022-09-09T12:32:42+00:00","breadcrumb":{"@id":"https:\/\/www.wonderlandacademy.cz\/zakladni-skola-2-stupen\/prijimani-zaku-cizincu-international-students\/#breadcrumb"},"inLanguage":"en-GB","potentialAction":[{"@type":"ReadAction","target":["https:\/\/www.wonderlandacademy.cz\/zakladni-skola-2-stupen\/prijimani-zaku-cizincu-international-students\/"]}]},{"@type":"BreadcrumbList","@id":"https:\/\/www.wonderlandacademy.cz\/zakladni-skola-2-stupen\/prijimani-zaku-cizincu-international-students\/#breadcrumb","itemListElement":[{"@type":"ListItem","position":1,"name":"Dom\u016f","item":"https:\/\/www.wonderlandacademy.cz\/"},{"@type":"ListItem","position":2,"name":"Z\u00e1kladn\u00ed \u0161kola &#8211; 2. stupe\u0148","item":"https:\/\/www.wonderlandacademy.cz\/zakladni-skola-2-stupen\/"},{"@type":"ListItem","position":3,"name":"P\u0159ij\u00edm\u00e1n\u00ed \u017e\u00e1k\u016f-cizinc\u016f (international students)"}]},{"@type":"WebSite","@id":"https:\/\/www.wonderlandacademy.cz\/#website","url":"https:\/\/www.wonderlandacademy.cz\/","name":"Z\u00e1kladn\u00ed \u0161kola Wonderland Academy","description":"Tvo\u0159\u00edme budoucnost Va\u0161ich d\u011bt\u00ed","publisher":{"@id":"https:\/\/www.wonderlandacademy.cz\/#organization"},"potentialAction":[{"@type":"SearchAction","target":{"@type":"EntryPoint","urlTemplate":"https:\/\/www.wonderlandacademy.cz\/?s={search_term_string}"},"query-input":{"@type":"PropertyValueSpecification","valueRequired":true,"valueName":"search_term_string"}}],"inLanguage":"en-GB"},{"@type":"Organization","@id":"https:\/\/www.wonderlandacademy.cz\/#organization","name":"Z\u00e1kladn\u00ed \u0161kola Wonderland Academy","url":"https:\/\/www.wonderlandacademy.cz\/","logo":{"@type":"ImageObject","inLanguage":"en-GB","@id":"https:\/\/www.wonderlandacademy.cz\/#\/schema\/logo\/image\/","url":"https:\/\/www.wonderlandacademy.cz\/wp-content\/uploads\/2021\/12\/logo-wa3.svg","contentUrl":"https:\/\/www.wonderlandacademy.cz\/wp-content\/uploads\/2021\/12\/logo-wa3.svg","width":100,"height":100,"caption":"Z\u00e1kladn\u00ed \u0161kola Wonderland Academy"},"image":{"@id":"https:\/\/www.wonderlandacademy.cz\/#\/schema\/logo\/image\/"}}]}},"publishpress_future_action":{"enabled":false,"date":"2026-05-11 10:56:47","action":"change-status","newStatus":"draft","terms":[],"taxonomy":""},"publishpress_future_workflow_manual_trigger":{"enabledWorkflows":[]},"_links":{"self":[{"href":"https:\/\/www.wonderlandacademy.cz\/en\/wp-json\/wp\/v2\/pages\/3838","targetHints":{"allow":["GET"]}}],"collection":[{"href":"https:\/\/www.wonderlandacademy.cz\/en\/wp-json\/wp\/v2\/pages"}],"about":[{"href":"https:\/\/www.wonderlandacademy.cz\/en\/wp-json\/wp\/v2\/types\/page"}],"author":[{"embeddable":true,"href":"https:\/\/www.wonderlandacademy.cz\/en\/wp-json\/wp\/v2\/users\/1"}],"replies":[{"embeddable":true,"href":"https:\/\/www.wonderlandacademy.cz\/en\/wp-json\/wp\/v2\/comments?post=3838"}],"version-history":[{"count":0,"href":"https:\/\/www.wonderlandacademy.cz\/en\/wp-json\/wp\/v2\/pages\/3838\/revisions"}],"up":[{"embeddable":true,"href":"https:\/\/www.wonderlandacademy.cz\/en\/wp-json\/wp\/v2\/pages\/628"}],"wp:attachment":[{"href":"https:\/\/www.wonderlandacademy.cz\/en\/wp-json\/wp\/v2\/media?parent=3838"}],"curies":[{"name":"wp","href":"https:\/\/api.w.org\/{rel}","templated":true}]}}