{"id":3821,"date":"2022-09-06T07:55:56","date_gmt":"2022-09-06T05:55:56","guid":{"rendered":"http:\/\/webla.cz\/wonderland\/?page_id=3821"},"modified":"2025-01-07T12:59:06","modified_gmt":"2025-01-07T11:59:06","slug":"prijimani-zaku-cizincu-international-students","status":"publish","type":"page","link":"https:\/\/www.wonderlandacademy.cz\/en\/zakladni-skola-1-stupen\/prijimani-zaku-cizincu-international-students\/","title":{"rendered":"Admission of international Students"},"content":{"rendered":"<div data-elementor-type=\"wp-page\" data-elementor-id=\"3821\" class=\"elementor elementor-3821\" data-elementor-post-type=\"page\">\n\t\t\t\t\t\t<section class=\"elementor-section elementor-top-section elementor-element elementor-element-a774151 elementor-section-full_width elementor-section-height-default elementor-section-height-default\" data-id=\"a774151\" data-element_type=\"section\">\n\t\t\t\t\t\t<div class=\"elementor-container elementor-column-gap-default\">\n\t\t\t\t\t<div class=\"elementor-column elementor-col-100 elementor-top-column elementor-element elementor-element-aef4a75\" data-id=\"aef4a75\" data-element_type=\"column\">\n\t\t\t<div class=\"elementor-widget-wrap elementor-element-populated\">\n\t\t\t\t\t\t<div class=\"elementor-element elementor-element-6daa88e elementor-align-left elementor-widget elementor-widget-global elementor-global-969 elementor-widget-breadcrumbs\" data-id=\"6daa88e\" data-element_type=\"widget\" data-widget_type=\"breadcrumbs.default\">\n\t\t\t\t<div class=\"elementor-widget-container\">\n\t\t\t<link rel=\"stylesheet\" href=\"https:\/\/www.wonderlandacademy.cz\/wp-content\/plugins\/elementor-pro\/assets\/css\/widget-theme-elements.min.css\"><p id=\"breadcrumbs\"><span><span><a href=\"https:\/\/www.wonderlandacademy.cz\/en\/\">Home<\/a><\/span><\/span><\/p>\t\t<\/div>\n\t\t\t\t<\/div>\n\t\t\t\t\t<\/div>\n\t\t<\/div>\n\t\t\t\t\t<\/div>\n\t\t<\/section>\n\t\t\t\t<section class=\"elementor-section elementor-top-section elementor-element elementor-element-6d1c308d elementor-section-full_width elementor-section-height-default elementor-section-height-default\" data-id=\"6d1c308d\" data-element_type=\"section\" data-settings=\"{&quot;background_background&quot;:&quot;classic&quot;}\">\n\t\t\t\t\t\t<div class=\"elementor-container elementor-column-gap-default\">\n\t\t\t\t\t<div class=\"elementor-column elementor-col-50 elementor-top-column elementor-element elementor-element-349d648e elementor-invisible\" data-id=\"349d648e\" data-element_type=\"column\" data-settings=\"{&quot;background_background&quot;:&quot;classic&quot;,&quot;animation&quot;:&quot;fadeIn&quot;}\">\n\t\t\t<div class=\"elementor-widget-wrap elementor-element-populated\">\n\t\t\t\t\t\t<div class=\"elementor-element elementor-element-5a5df49a elementor-align-justify elementor-hidden-tablet elementor-hidden-mobile elementor-widget elementor-widget-button\" data-id=\"5a5df49a\" data-element_type=\"widget\" data-settings=\"{&quot;sticky&quot;:&quot;top&quot;,&quot;sticky_on&quot;:[&quot;desktop&quot;],&quot;sticky_offset&quot;:3,&quot;sticky_effects_offset&quot;:0}\" data-widget_type=\"button.default\">\n\t\t\t\t<div class=\"elementor-widget-container\">\n\t\t\t\t\t<div class=\"elementor-button-wrapper\">\n\t\t\t<a class=\"elementor-button elementor-button-link elementor-size-sm\" href=\"#int-students\">\n\t\t\t\t\t\t<span class=\"elementor-button-content-wrapper\">\n\t\t\t\t\t\t<span class=\"elementor-button-icon\">\n\t\t\t\t<i aria-hidden=\"true\" class=\"fas fa-angle-right\"><\/i>\t\t\t<\/span>\n\t\t\t\t\t\t\t\t\t<span class=\"elementor-button-text\">International students<\/span>\n\t\t\t\t\t<\/span>\n\t\t\t\t\t<\/a>\n\t\t<\/div>\n\t\t\t\t<\/div>\n\t\t\t\t<\/div>\n\t\t\t\t<section class=\"elementor-section elementor-inner-section elementor-element elementor-element-1b194a07 elementor-section-full_width elementor-hidden-desktop elementor-section-height-default elementor-section-height-default\" data-id=\"1b194a07\" data-element_type=\"section\">\n\t\t\t\t\t\t<div class=\"elementor-container elementor-column-gap-default\">\n\t\t\t\t\t<div class=\"elementor-column elementor-col-50 elementor-inner-column elementor-element elementor-element-6a8784fb\" data-id=\"6a8784fb\" data-element_type=\"column\">\n\t\t\t<div class=\"elementor-widget-wrap elementor-element-populated\">\n\t\t\t\t\t\t<div class=\"elementor-element elementor-element-c0d315b elementor-align-justify elementor-mobile-align-justify elementor-widget elementor-widget-button\" data-id=\"c0d315b\" data-element_type=\"widget\" data-widget_type=\"button.default\">\n\t\t\t\t<div class=\"elementor-widget-container\">\n\t\t\t\t\t<div class=\"elementor-button-wrapper\">\n\t\t\t<a class=\"elementor-button elementor-button-link elementor-size-sm\" href=\"#int-students\">\n\t\t\t\t\t\t<span class=\"elementor-button-content-wrapper\">\n\t\t\t\t\t\t<span class=\"elementor-button-icon\">\n\t\t\t\t<i aria-hidden=\"true\" class=\"fas fa-angle-right\"><\/i>\t\t\t<\/span>\n\t\t\t\t\t\t\t\t\t<span class=\"elementor-button-text\">International students<\/span>\n\t\t\t\t\t<\/span>\n\t\t\t\t\t<\/a>\n\t\t<\/div>\n\t\t\t\t<\/div>\n\t\t\t\t<\/div>\n\t\t\t\t\t<\/div>\n\t\t<\/div>\n\t\t\t\t<div class=\"elementor-column elementor-col-50 elementor-inner-column elementor-element elementor-element-d73910\" data-id=\"d73910\" data-element_type=\"column\">\n\t\t\t<div class=\"elementor-widget-wrap\">\n\t\t\t\t\t\t\t<\/div>\n\t\t<\/div>\n\t\t\t\t\t<\/div>\n\t\t<\/section>\n\t\t\t\t\t<\/div>\n\t\t<\/div>\n\t\t\t\t<div class=\"elementor-column elementor-col-50 elementor-top-column elementor-element elementor-element-74b3b983 elementor-invisible\" data-id=\"74b3b983\" data-element_type=\"column\" data-settings=\"{&quot;animation&quot;:&quot;fadeIn&quot;,&quot;background_background&quot;:&quot;classic&quot;}\">\n\t\t\t<div class=\"elementor-widget-wrap elementor-element-populated\">\n\t\t\t\t\t\t<section class=\"elementor-section elementor-inner-section elementor-element elementor-element-27e898ed elementor-section-boxed elementor-section-height-default elementor-section-height-default\" data-id=\"27e898ed\" data-element_type=\"section\">\n\t\t\t\t\t\t<div class=\"elementor-container elementor-column-gap-default\">\n\t\t\t\t\t<div class=\"elementor-column elementor-col-100 elementor-inner-column elementor-element elementor-element-bc96c9f\" data-id=\"bc96c9f\" data-element_type=\"column\">\n\t\t\t<div class=\"elementor-widget-wrap elementor-element-populated\">\n\t\t\t\t\t\t<div class=\"elementor-element elementor-element-af673a5 elementor-widget elementor-widget-heading\" data-id=\"af673a5\" data-element_type=\"widget\" data-widget_type=\"heading.default\">\n\t\t\t\t<div class=\"elementor-widget-container\">\n\t\t\t<style>\/*! elementor - v3.23.0 - 05-08-2024 *\/\n.elementor-heading-title{padding:0;margin:0;line-height:1}.elementor-widget-heading .elementor-heading-title[class*=elementor-size-]>a{color:inherit;font-size:inherit;line-height:inherit}.elementor-widget-heading .elementor-heading-title.elementor-size-small{font-size:15px}.elementor-widget-heading .elementor-heading-title.elementor-size-medium{font-size:19px}.elementor-widget-heading .elementor-heading-title.elementor-size-large{font-size:29px}.elementor-widget-heading .elementor-heading-title.elementor-size-xl{font-size:39px}.elementor-widget-heading .elementor-heading-title.elementor-size-xxl{font-size:59px}<\/style><h2 class=\"elementor-heading-title elementor-size-default\">Admission of international Students<\/h2>\t\t<\/div>\n\t\t\t\t<\/div>\n\t\t\t\t<div class=\"elementor-element elementor-element-420e4af3 elementor-widget elementor-widget-text-editor\" data-id=\"420e4af3\" data-element_type=\"widget\" data-widget_type=\"text-editor.default\">\n\t\t\t\t<div class=\"elementor-widget-container\">\n\t\t\t<style>\/*! elementor - v3.23.0 - 05-08-2024 *\/\n.elementor-widget-text-editor.elementor-drop-cap-view-stacked .elementor-drop-cap{background-color:#69727d;color:#fff}.elementor-widget-text-editor.elementor-drop-cap-view-framed .elementor-drop-cap{color:#69727d;border:3px solid;background-color:transparent}.elementor-widget-text-editor:not(.elementor-drop-cap-view-default) .elementor-drop-cap{margin-top:8px}.elementor-widget-text-editor:not(.elementor-drop-cap-view-default) .elementor-drop-cap-letter{width:1em;height:1em}.elementor-widget-text-editor .elementor-drop-cap{float:left;text-align:center;line-height:1;font-size:50px}.elementor-widget-text-editor .elementor-drop-cap-letter{display:inline-block}<\/style>\t\t\t\t<p>Our school is also open to students who do not have Czech nationality. On average, about 25% of each class consists of foreign students. A condition for the admission of these students is a good knowledge of English, which will be the primary language of their education. At the same time, foreign students must enroll in the school for intensive study of Czech as a second language in small groups, and pay for the above-standard support of a language assistant in the classroom as needed.<\/p><p>If you are interested, send us a non-binding <a href=\"https:\/\/www.wonderlandacademy.cz\/en\/zakladni-skola-1-stupen\/prihlaska\/\">application form<\/a>.<\/p>\t\t\t\t\t\t<\/div>\n\t\t\t\t<\/div>\n\t\t\t\t<div class=\"elementor-element elementor-element-9dc7661 elementor-widget elementor-widget-image\" data-id=\"9dc7661\" data-element_type=\"widget\" data-widget_type=\"image.default\">\n\t\t\t\t<div class=\"elementor-widget-container\">\n\t\t\t<style>\/*! elementor - v3.23.0 - 05-08-2024 *\/\n.elementor-widget-image{text-align:center}.elementor-widget-image a{display:inline-block}.elementor-widget-image a img[src$=\".svg\"]{width:48px}.elementor-widget-image img{vertical-align:middle;display:inline-block}<\/style>\t\t\t\t\t\t\t\t\t\t<img fetchpriority=\"high\" decoding=\"async\" width=\"800\" height=\"534\" src=\"https:\/\/www.wonderlandacademy.cz\/wp-content\/uploads\/2024\/11\/jynz3-4V0A5376-1024x683.jpg\" class=\"attachment-large size-large wp-image-12215\" alt=\"\" srcset=\"https:\/\/www.wonderlandacademy.cz\/wp-content\/uploads\/2024\/11\/jynz3-4V0A5376-1024x683.jpg 1024w, https:\/\/www.wonderlandacademy.cz\/wp-content\/uploads\/2024\/11\/jynz3-4V0A5376-300x200.jpg 300w, https:\/\/www.wonderlandacademy.cz\/wp-content\/uploads\/2024\/11\/jynz3-4V0A5376-768x512.jpg 768w, https:\/\/www.wonderlandacademy.cz\/wp-content\/uploads\/2024\/11\/jynz3-4V0A5376-1536x1024.jpg 1536w, https:\/\/www.wonderlandacademy.cz\/wp-content\/uploads\/2024\/11\/jynz3-4V0A5376-2048x1365.jpg 2048w, https:\/\/www.wonderlandacademy.cz\/wp-content\/uploads\/2024\/11\/jynz3-4V0A5376-18x12.jpg 18w\" sizes=\"(max-width: 800px) 100vw, 800px\" \/>\t\t\t\t\t\t\t\t\t\t\t\t\t<\/div>\n\t\t\t\t<\/div>\n\t\t\t\t\t<\/div>\n\t\t<\/div>\n\t\t\t\t\t<\/div>\n\t\t<\/section>\n\t\t\t\t\t<\/div>\n\t\t<\/div>\n\t\t\t\t\t<\/div>\n\t\t<\/section>\n\t\t\t\t<\/div>","protected":false},"excerpt":{"rendered":"<p>International students International students P\u0159ij\u00edm\u00e1n\u00ed \u017e\u00e1k\u016f-cizinc\u016f (international students) Na\u0161e \u0161kola je otev\u0159ena i \u017e\u00e1k\u016fm, kte\u0159\u00ed nemaj\u00ed \u010deskou n\u00e1rodnost. Pr\u016fm\u011brn\u011b je ve t\u0159\u00edd\u011b 1\/5 \u2013 1\/4 \u017e\u00e1k\u016f-cizinc\u016f. Podm\u00ednkou pro p\u0159ijet\u00ed t\u011bchto d\u011bt\u00ed je dobr\u00e1 znalost angli\u010dtiny, kter\u00e1 bude prim\u00e1rn\u00edm jazykem jejich vzd\u011bl\u00e1v\u00e1n\u00ed. Sou\u010dasn\u011b se \u017e\u00e1ci-cizinci musej\u00ed ve \u0161kole zapsat k intenzivn\u00edmu studium \u010de\u0161tiny jako druh\u00e9ho jazyka [&hellip;]<\/p>","protected":false},"author":1,"featured_media":0,"parent":618,"menu_order":0,"comment_status":"closed","ping_status":"closed","template":"","meta":{"footnotes":""},"class_list":["post-3821","page","type-page","status-publish","hentry"],"yoast_head":"<!-- This site is optimized with the Yoast SEO plugin v24.3 - https:\/\/yoast.com\/wordpress\/plugins\/seo\/ -->\n<title>P\u0159ij\u00edm\u00e1n\u00ed \u017e\u00e1k\u016f-cizinc\u016f (international students) - Z\u00e1kladn\u00ed \u0161kola Wonderland Academy<\/title>\n<meta name=\"robots\" content=\"index, follow, max-snippet:-1, max-image-preview:large, max-video-preview:-1\" \/>\n<link rel=\"canonical\" href=\"https:\/\/www.wonderlandacademy.cz\/en\/zakladni-skola-1-stupen\/prijimani-zaku-cizincu-international-students\/\" \/>\n<meta property=\"og:locale\" content=\"en_GB\" \/>\n<meta property=\"og:type\" content=\"article\" \/>\n<meta property=\"og:title\" content=\"P\u0159ij\u00edm\u00e1n\u00ed \u017e\u00e1k\u016f-cizinc\u016f (international students) - Z\u00e1kladn\u00ed \u0161kola Wonderland Academy\" \/>\n<meta property=\"og:description\" content=\"International students International students P\u0159ij\u00edm\u00e1n\u00ed \u017e\u00e1k\u016f-cizinc\u016f (international students) Na\u0161e \u0161kola je otev\u0159ena i \u017e\u00e1k\u016fm, kte\u0159\u00ed nemaj\u00ed \u010deskou n\u00e1rodnost. Pr\u016fm\u011brn\u011b je ve t\u0159\u00edd\u011b 1\/5 \u2013 1\/4 \u017e\u00e1k\u016f-cizinc\u016f. Podm\u00ednkou pro p\u0159ijet\u00ed t\u011bchto d\u011bt\u00ed je dobr\u00e1 znalost angli\u010dtiny, kter\u00e1 bude prim\u00e1rn\u00edm jazykem jejich vzd\u011bl\u00e1v\u00e1n\u00ed. Sou\u010dasn\u011b se \u017e\u00e1ci-cizinci musej\u00ed ve \u0161kole zapsat k intenzivn\u00edmu studium \u010de\u0161tiny jako druh\u00e9ho jazyka [&hellip;]\" \/>\n<meta property=\"og:url\" content=\"https:\/\/www.wonderlandacademy.cz\/en\/zakladni-skola-1-stupen\/prijimani-zaku-cizincu-international-students\/\" \/>\n<meta property=\"og:site_name\" content=\"Z\u00e1kladn\u00ed \u0161kola Wonderland Academy\" \/>\n<meta property=\"article:modified_time\" content=\"2025-01-07T11:59:06+00:00\" \/>\n<meta property=\"og:image\" content=\"https:\/\/www.wonderlandacademy.cz\/wp-content\/uploads\/2024\/11\/jynz3-4V0A5376-scaled.jpg\" \/>\n\t<meta property=\"og:image:width\" content=\"2560\" \/>\n\t<meta property=\"og:image:height\" content=\"1706\" \/>\n\t<meta property=\"og:image:type\" content=\"image\/jpeg\" \/>\n<meta name=\"twitter:card\" content=\"summary_large_image\" \/>\n<meta name=\"twitter:label1\" content=\"Estimated reading time\" \/>\n\t<meta name=\"twitter:data1\" content=\"1 minute\" \/>\n<script type=\"application\/ld+json\" class=\"yoast-schema-graph\">{\"@context\":\"https:\/\/schema.org\",\"@graph\":[{\"@type\":\"WebPage\",\"@id\":\"https:\/\/www.wonderlandacademy.cz\/zakladni-skola-1-stupen\/prijimani-zaku-cizincu-international-students\/\",\"url\":\"https:\/\/www.wonderlandacademy.cz\/zakladni-skola-1-stupen\/prijimani-zaku-cizincu-international-students\/\",\"name\":\"P\u0159ij\u00edm\u00e1n\u00ed \u017e\u00e1k\u016f-cizinc\u016f (international students) - Z\u00e1kladn\u00ed \u0161kola Wonderland Academy\",\"isPartOf\":{\"@id\":\"https:\/\/www.wonderlandacademy.cz\/#website\"},\"primaryImageOfPage\":{\"@id\":\"https:\/\/www.wonderlandacademy.cz\/zakladni-skola-1-stupen\/prijimani-zaku-cizincu-international-students\/#primaryimage\"},\"image\":{\"@id\":\"https:\/\/www.wonderlandacademy.cz\/zakladni-skola-1-stupen\/prijimani-zaku-cizincu-international-students\/#primaryimage\"},\"thumbnailUrl\":\"https:\/\/www.wonderlandacademy.cz\/wp-content\/uploads\/2024\/11\/jynz3-4V0A5376-1024x683.jpg\",\"datePublished\":\"2022-09-06T05:55:56+00:00\",\"dateModified\":\"2025-01-07T11:59:06+00:00\",\"breadcrumb\":{\"@id\":\"https:\/\/www.wonderlandacademy.cz\/zakladni-skola-1-stupen\/prijimani-zaku-cizincu-international-students\/#breadcrumb\"},\"inLanguage\":\"en-GB\",\"potentialAction\":[{\"@type\":\"ReadAction\",\"target\":[\"https:\/\/www.wonderlandacademy.cz\/zakladni-skola-1-stupen\/prijimani-zaku-cizincu-international-students\/\"]}]},{\"@type\":\"ImageObject\",\"inLanguage\":\"en-GB\",\"@id\":\"https:\/\/www.wonderlandacademy.cz\/zakladni-skola-1-stupen\/prijimani-zaku-cizincu-international-students\/#primaryimage\",\"url\":\"https:\/\/www.wonderlandacademy.cz\/wp-content\/uploads\/2024\/11\/jynz3-4V0A5376-1024x683.jpg\",\"contentUrl\":\"https:\/\/www.wonderlandacademy.cz\/wp-content\/uploads\/2024\/11\/jynz3-4V0A5376-1024x683.jpg\"},{\"@type\":\"BreadcrumbList\",\"@id\":\"https:\/\/www.wonderlandacademy.cz\/zakladni-skola-1-stupen\/prijimani-zaku-cizincu-international-students\/#breadcrumb\",\"itemListElement\":[{\"@type\":\"ListItem\",\"position\":1,\"name\":\"Dom\u016f\",\"item\":\"https:\/\/www.wonderlandacademy.cz\/\"},{\"@type\":\"ListItem\",\"position\":2,\"name\":\"Z\u00e1kladn\u00ed \u0161kola &#8211; 1. stupe\u0148\",\"item\":\"https:\/\/www.wonderlandacademy.cz\/zakladni-skola-1-stupen\/\"},{\"@type\":\"ListItem\",\"position\":3,\"name\":\"P\u0159ij\u00edm\u00e1n\u00ed \u017e\u00e1k\u016f-cizinc\u016f (international students)\"}]},{\"@type\":\"WebSite\",\"@id\":\"https:\/\/www.wonderlandacademy.cz\/#website\",\"url\":\"https:\/\/www.wonderlandacademy.cz\/\",\"name\":\"Z\u00e1kladn\u00ed \u0161kola Wonderland Academy\",\"description\":\"Tvo\u0159\u00edme budoucnost Va\u0161ich d\u011bt\u00ed\",\"publisher\":{\"@id\":\"https:\/\/www.wonderlandacademy.cz\/#organization\"},\"potentialAction\":[{\"@type\":\"SearchAction\",\"target\":{\"@type\":\"EntryPoint\",\"urlTemplate\":\"https:\/\/www.wonderlandacademy.cz\/?s={search_term_string}\"},\"query-input\":{\"@type\":\"PropertyValueSpecification\",\"valueRequired\":true,\"valueName\":\"search_term_string\"}}],\"inLanguage\":\"en-GB\"},{\"@type\":\"Organization\",\"@id\":\"https:\/\/www.wonderlandacademy.cz\/#organization\",\"name\":\"Z\u00e1kladn\u00ed \u0161kola Wonderland Academy\",\"url\":\"https:\/\/www.wonderlandacademy.cz\/\",\"logo\":{\"@type\":\"ImageObject\",\"inLanguage\":\"en-GB\",\"@id\":\"https:\/\/www.wonderlandacademy.cz\/#\/schema\/logo\/image\/\",\"url\":\"https:\/\/www.wonderlandacademy.cz\/wp-content\/uploads\/2021\/12\/logo-wa3.svg\",\"contentUrl\":\"https:\/\/www.wonderlandacademy.cz\/wp-content\/uploads\/2021\/12\/logo-wa3.svg\",\"width\":100,\"height\":100,\"caption\":\"Z\u00e1kladn\u00ed \u0161kola Wonderland Academy\"},\"image\":{\"@id\":\"https:\/\/www.wonderlandacademy.cz\/#\/schema\/logo\/image\/\"}}]}<\/script>\n<!-- \/ Yoast SEO plugin. -->","yoast_head_json":{"title":"P\u0159ij\u00edm\u00e1n\u00ed \u017e\u00e1k\u016f-cizinc\u016f (international students) - Z\u00e1kladn\u00ed \u0161kola Wonderland Academy","robots":{"index":"index","follow":"follow","max-snippet":"max-snippet:-1","max-image-preview":"max-image-preview:large","max-video-preview":"max-video-preview:-1"},"canonical":"https:\/\/www.wonderlandacademy.cz\/en\/zakladni-skola-1-stupen\/prijimani-zaku-cizincu-international-students\/","og_locale":"en_GB","og_type":"article","og_title":"P\u0159ij\u00edm\u00e1n\u00ed \u017e\u00e1k\u016f-cizinc\u016f (international students) - Z\u00e1kladn\u00ed \u0161kola Wonderland Academy","og_description":"International students International students P\u0159ij\u00edm\u00e1n\u00ed \u017e\u00e1k\u016f-cizinc\u016f (international students) Na\u0161e \u0161kola je otev\u0159ena i \u017e\u00e1k\u016fm, kte\u0159\u00ed nemaj\u00ed \u010deskou n\u00e1rodnost. Pr\u016fm\u011brn\u011b je ve t\u0159\u00edd\u011b 1\/5 \u2013 1\/4 \u017e\u00e1k\u016f-cizinc\u016f. Podm\u00ednkou pro p\u0159ijet\u00ed t\u011bchto d\u011bt\u00ed je dobr\u00e1 znalost angli\u010dtiny, kter\u00e1 bude prim\u00e1rn\u00edm jazykem jejich vzd\u011bl\u00e1v\u00e1n\u00ed. Sou\u010dasn\u011b se \u017e\u00e1ci-cizinci musej\u00ed ve \u0161kole zapsat k intenzivn\u00edmu studium \u010de\u0161tiny jako druh\u00e9ho jazyka [&hellip;]","og_url":"https:\/\/www.wonderlandacademy.cz\/en\/zakladni-skola-1-stupen\/prijimani-zaku-cizincu-international-students\/","og_site_name":"Z\u00e1kladn\u00ed \u0161kola Wonderland Academy","article_modified_time":"2025-01-07T11:59:06+00:00","og_image":[{"width":2560,"height":1706,"url":"https:\/\/www.wonderlandacademy.cz\/wp-content\/uploads\/2024\/11\/jynz3-4V0A5376-scaled.jpg","type":"image\/jpeg"}],"twitter_card":"summary_large_image","twitter_misc":{"Estimated reading time":"1 minute"},"schema":{"@context":"https:\/\/schema.org","@graph":[{"@type":"WebPage","@id":"https:\/\/www.wonderlandacademy.cz\/zakladni-skola-1-stupen\/prijimani-zaku-cizincu-international-students\/","url":"https:\/\/www.wonderlandacademy.cz\/zakladni-skola-1-stupen\/prijimani-zaku-cizincu-international-students\/","name":"P\u0159ij\u00edm\u00e1n\u00ed \u017e\u00e1k\u016f-cizinc\u016f (international students) - Z\u00e1kladn\u00ed \u0161kola Wonderland Academy","isPartOf":{"@id":"https:\/\/www.wonderlandacademy.cz\/#website"},"primaryImageOfPage":{"@id":"https:\/\/www.wonderlandacademy.cz\/zakladni-skola-1-stupen\/prijimani-zaku-cizincu-international-students\/#primaryimage"},"image":{"@id":"https:\/\/www.wonderlandacademy.cz\/zakladni-skola-1-stupen\/prijimani-zaku-cizincu-international-students\/#primaryimage"},"thumbnailUrl":"https:\/\/www.wonderlandacademy.cz\/wp-content\/uploads\/2024\/11\/jynz3-4V0A5376-1024x683.jpg","datePublished":"2022-09-06T05:55:56+00:00","dateModified":"2025-01-07T11:59:06+00:00","breadcrumb":{"@id":"https:\/\/www.wonderlandacademy.cz\/zakladni-skola-1-stupen\/prijimani-zaku-cizincu-international-students\/#breadcrumb"},"inLanguage":"en-GB","potentialAction":[{"@type":"ReadAction","target":["https:\/\/www.wonderlandacademy.cz\/zakladni-skola-1-stupen\/prijimani-zaku-cizincu-international-students\/"]}]},{"@type":"ImageObject","inLanguage":"en-GB","@id":"https:\/\/www.wonderlandacademy.cz\/zakladni-skola-1-stupen\/prijimani-zaku-cizincu-international-students\/#primaryimage","url":"https:\/\/www.wonderlandacademy.cz\/wp-content\/uploads\/2024\/11\/jynz3-4V0A5376-1024x683.jpg","contentUrl":"https:\/\/www.wonderlandacademy.cz\/wp-content\/uploads\/2024\/11\/jynz3-4V0A5376-1024x683.jpg"},{"@type":"BreadcrumbList","@id":"https:\/\/www.wonderlandacademy.cz\/zakladni-skola-1-stupen\/prijimani-zaku-cizincu-international-students\/#breadcrumb","itemListElement":[{"@type":"ListItem","position":1,"name":"Dom\u016f","item":"https:\/\/www.wonderlandacademy.cz\/"},{"@type":"ListItem","position":2,"name":"Z\u00e1kladn\u00ed \u0161kola &#8211; 1. stupe\u0148","item":"https:\/\/www.wonderlandacademy.cz\/zakladni-skola-1-stupen\/"},{"@type":"ListItem","position":3,"name":"P\u0159ij\u00edm\u00e1n\u00ed \u017e\u00e1k\u016f-cizinc\u016f (international students)"}]},{"@type":"WebSite","@id":"https:\/\/www.wonderlandacademy.cz\/#website","url":"https:\/\/www.wonderlandacademy.cz\/","name":"Z\u00e1kladn\u00ed \u0161kola Wonderland Academy","description":"Tvo\u0159\u00edme budoucnost Va\u0161ich d\u011bt\u00ed","publisher":{"@id":"https:\/\/www.wonderlandacademy.cz\/#organization"},"potentialAction":[{"@type":"SearchAction","target":{"@type":"EntryPoint","urlTemplate":"https:\/\/www.wonderlandacademy.cz\/?s={search_term_string}"},"query-input":{"@type":"PropertyValueSpecification","valueRequired":true,"valueName":"search_term_string"}}],"inLanguage":"en-GB"},{"@type":"Organization","@id":"https:\/\/www.wonderlandacademy.cz\/#organization","name":"Z\u00e1kladn\u00ed \u0161kola Wonderland Academy","url":"https:\/\/www.wonderlandacademy.cz\/","logo":{"@type":"ImageObject","inLanguage":"en-GB","@id":"https:\/\/www.wonderlandacademy.cz\/#\/schema\/logo\/image\/","url":"https:\/\/www.wonderlandacademy.cz\/wp-content\/uploads\/2021\/12\/logo-wa3.svg","contentUrl":"https:\/\/www.wonderlandacademy.cz\/wp-content\/uploads\/2021\/12\/logo-wa3.svg","width":100,"height":100,"caption":"Z\u00e1kladn\u00ed \u0161kola Wonderland Academy"},"image":{"@id":"https:\/\/www.wonderlandacademy.cz\/#\/schema\/logo\/image\/"}}]}},"publishpress_future_action":{"enabled":false,"date":"2026-05-10 14:09:33","action":"change-status","newStatus":"draft","terms":[],"taxonomy":""},"publishpress_future_workflow_manual_trigger":{"enabledWorkflows":[]},"_links":{"self":[{"href":"https:\/\/www.wonderlandacademy.cz\/en\/wp-json\/wp\/v2\/pages\/3821","targetHints":{"allow":["GET"]}}],"collection":[{"href":"https:\/\/www.wonderlandacademy.cz\/en\/wp-json\/wp\/v2\/pages"}],"about":[{"href":"https:\/\/www.wonderlandacademy.cz\/en\/wp-json\/wp\/v2\/types\/page"}],"author":[{"embeddable":true,"href":"https:\/\/www.wonderlandacademy.cz\/en\/wp-json\/wp\/v2\/users\/1"}],"replies":[{"embeddable":true,"href":"https:\/\/www.wonderlandacademy.cz\/en\/wp-json\/wp\/v2\/comments?post=3821"}],"version-history":[{"count":3,"href":"https:\/\/www.wonderlandacademy.cz\/en\/wp-json\/wp\/v2\/pages\/3821\/revisions"}],"predecessor-version":[{"id":12568,"href":"https:\/\/www.wonderlandacademy.cz\/en\/wp-json\/wp\/v2\/pages\/3821\/revisions\/12568"}],"up":[{"embeddable":true,"href":"https:\/\/www.wonderlandacademy.cz\/en\/wp-json\/wp\/v2\/pages\/618"}],"wp:attachment":[{"href":"https:\/\/www.wonderlandacademy.cz\/en\/wp-json\/wp\/v2\/media?parent=3821"}],"curies":[{"name":"wp","href":"https:\/\/api.w.org\/{rel}","templated":true}]}}