{"id":3377,"date":"2022-09-01T07:49:00","date_gmt":"2022-09-01T05:49:00","guid":{"rendered":"http:\/\/webla.cz\/wonderland\/?page_id=3377"},"modified":"2024-10-07T17:57:05","modified_gmt":"2024-10-07T15:57:05","slug":"prestup-do-vyssich-rocniku","status":"publish","type":"page","link":"https:\/\/www.wonderlandacademy.cz\/en\/zakladni-skola-2-stupen\/prestup-do-vyssich-rocniku\/","title":{"rendered":"Transfer to higher grades"},"content":{"rendered":"<div data-elementor-type=\"wp-page\" data-elementor-id=\"3377\" class=\"elementor elementor-3377\" data-elementor-post-type=\"page\">\n\t\t\t\t\t\t<section class=\"elementor-section elementor-top-section elementor-element elementor-element-f295246 elementor-section-full_width elementor-section-height-default elementor-section-height-default\" data-id=\"f295246\" data-element_type=\"section\">\n\t\t\t\t\t\t<div class=\"elementor-container elementor-column-gap-default\">\n\t\t\t\t\t<div class=\"elementor-column elementor-col-100 elementor-top-column elementor-element elementor-element-41f2ecc\" data-id=\"41f2ecc\" data-element_type=\"column\">\n\t\t\t<div class=\"elementor-widget-wrap elementor-element-populated\">\n\t\t\t\t\t\t<div class=\"elementor-element elementor-element-eef92d8 elementor-align-left elementor-widget elementor-widget-global elementor-global-969 elementor-widget-breadcrumbs\" data-id=\"eef92d8\" data-element_type=\"widget\" data-widget_type=\"breadcrumbs.default\">\n\t\t\t\t<div class=\"elementor-widget-container\">\n\t\t\t<link rel=\"stylesheet\" href=\"https:\/\/www.wonderlandacademy.cz\/wp-content\/plugins\/elementor-pro\/assets\/css\/widget-theme-elements.min.css\"><p id=\"breadcrumbs\"><span><span><a href=\"https:\/\/www.wonderlandacademy.cz\/en\/\">Home<\/a><\/span><\/span><\/p>\t\t<\/div>\n\t\t\t\t<\/div>\n\t\t\t\t\t<\/div>\n\t\t<\/div>\n\t\t\t\t\t<\/div>\n\t\t<\/section>\n\t\t\t\t<section class=\"elementor-section elementor-top-section elementor-element elementor-element-fdca560 elementor-section-full_width elementor-section-height-default elementor-section-height-default\" data-id=\"fdca560\" data-element_type=\"section\" data-settings=\"{&quot;background_background&quot;:&quot;classic&quot;}\">\n\t\t\t\t\t\t<div class=\"elementor-container elementor-column-gap-default\">\n\t\t\t\t\t<div class=\"elementor-column elementor-col-50 elementor-top-column elementor-element elementor-element-6cadd2e6\" data-id=\"6cadd2e6\" data-element_type=\"column\" data-settings=\"{&quot;background_background&quot;:&quot;classic&quot;}\">\n\t\t\t<div class=\"elementor-widget-wrap elementor-element-populated\">\n\t\t\t\t\t\t<div class=\"elementor-element elementor-element-453ad40 elementor-align-justify elementor-hidden-tablet elementor-hidden-mobile elementor-widget elementor-widget-button\" data-id=\"453ad40\" data-element_type=\"widget\" data-settings=\"{&quot;sticky&quot;:&quot;top&quot;,&quot;sticky_on&quot;:[&quot;desktop&quot;],&quot;sticky_offset&quot;:3,&quot;sticky_effects_offset&quot;:0}\" data-widget_type=\"button.default\">\n\t\t\t\t<div class=\"elementor-widget-container\">\n\t\t\t\t\t<div class=\"elementor-button-wrapper\">\n\t\t\t<a class=\"elementor-button elementor-button-link elementor-size-sm\" href=\"#vyssi-rocniky\">\n\t\t\t\t\t\t<span class=\"elementor-button-content-wrapper\">\n\t\t\t\t\t\t<span class=\"elementor-button-icon\">\n\t\t\t\t<i aria-hidden=\"true\" class=\"fas fa-angle-right\"><\/i>\t\t\t<\/span>\n\t\t\t\t\t\t\t\t\t<span class=\"elementor-button-text\">Higher grades<\/span>\n\t\t\t\t\t<\/span>\n\t\t\t\t\t<\/a>\n\t\t<\/div>\n\t\t\t\t<\/div>\n\t\t\t\t<\/div>\n\t\t\t\t<section class=\"elementor-section elementor-inner-section elementor-element elementor-element-78ab11ee elementor-section-full_width elementor-hidden-desktop elementor-section-height-default elementor-section-height-default\" data-id=\"78ab11ee\" data-element_type=\"section\">\n\t\t\t\t\t\t<div class=\"elementor-container elementor-column-gap-default\">\n\t\t\t\t\t<div class=\"elementor-column elementor-col-50 elementor-inner-column elementor-element elementor-element-5360fc7d\" data-id=\"5360fc7d\" data-element_type=\"column\">\n\t\t\t<div class=\"elementor-widget-wrap elementor-element-populated\">\n\t\t\t\t\t\t<div class=\"elementor-element elementor-element-1cf00c9a elementor-align-justify elementor-mobile-align-justify elementor-widget elementor-widget-button\" data-id=\"1cf00c9a\" data-element_type=\"widget\" data-widget_type=\"button.default\">\n\t\t\t\t<div class=\"elementor-widget-container\">\n\t\t\t\t\t<div class=\"elementor-button-wrapper\">\n\t\t\t<a class=\"elementor-button elementor-button-link elementor-size-sm\" href=\"#zapis-6-rocniku\">\n\t\t\t\t\t\t<span class=\"elementor-button-content-wrapper\">\n\t\t\t\t\t\t<span class=\"elementor-button-icon\">\n\t\t\t\t<i aria-hidden=\"true\" class=\"fas fa-angle-right\"><\/i>\t\t\t<\/span>\n\t\t\t\t\t\t\t\t\t<span class=\"elementor-button-text\">Z\u00e1pis do 6. t\u0159\u00eddy<\/span>\n\t\t\t\t\t<\/span>\n\t\t\t\t\t<\/a>\n\t\t<\/div>\n\t\t\t\t<\/div>\n\t\t\t\t<\/div>\n\t\t\t\t\t<\/div>\n\t\t<\/div>\n\t\t\t\t<div class=\"elementor-column elementor-col-50 elementor-inner-column elementor-element elementor-element-7d80540a\" data-id=\"7d80540a\" data-element_type=\"column\">\n\t\t\t<div class=\"elementor-widget-wrap elementor-element-populated\">\n\t\t\t\t\t\t<div class=\"elementor-element elementor-element-fbab598 elementor-align-justify elementor-mobile-align-justify elementor-widget elementor-widget-button\" data-id=\"fbab598\" data-element_type=\"widget\" data-widget_type=\"button.default\">\n\t\t\t\t<div class=\"elementor-widget-container\">\n\t\t\t\t\t<div class=\"elementor-button-wrapper\">\n\t\t\t<a class=\"elementor-button elementor-button-link elementor-size-sm\" href=\"#vyssi-rocniky\">\n\t\t\t\t\t\t<span class=\"elementor-button-content-wrapper\">\n\t\t\t\t\t\t<span class=\"elementor-button-icon\">\n\t\t\t\t<i aria-hidden=\"true\" class=\"fas fa-angle-right\"><\/i>\t\t\t<\/span>\n\t\t\t\t\t\t\t\t\t<span class=\"elementor-button-text\">Higher grades<\/span>\n\t\t\t\t\t<\/span>\n\t\t\t\t\t<\/a>\n\t\t<\/div>\n\t\t\t\t<\/div>\n\t\t\t\t<\/div>\n\t\t\t\t\t<\/div>\n\t\t<\/div>\n\t\t\t\t\t<\/div>\n\t\t<\/section>\n\t\t\t\t\t<\/div>\n\t\t<\/div>\n\t\t\t\t<div class=\"elementor-column elementor-col-50 elementor-top-column elementor-element elementor-element-7dfb68db elementor-invisible\" data-id=\"7dfb68db\" data-element_type=\"column\" data-settings=\"{&quot;animation&quot;:&quot;fadeIn&quot;,&quot;background_background&quot;:&quot;classic&quot;}\">\n\t\t\t<div class=\"elementor-widget-wrap elementor-element-populated\">\n\t\t\t\t\t\t<section class=\"elementor-section elementor-inner-section elementor-element elementor-element-442c2e5 elementor-section-boxed elementor-section-height-default elementor-section-height-default\" data-id=\"442c2e5\" data-element_type=\"section\">\n\t\t\t\t\t\t<div class=\"elementor-container elementor-column-gap-default\">\n\t\t\t\t\t<div class=\"elementor-column elementor-col-100 elementor-inner-column elementor-element elementor-element-fc09ec7\" data-id=\"fc09ec7\" data-element_type=\"column\">\n\t\t\t<div class=\"elementor-widget-wrap elementor-element-populated\">\n\t\t\t\t\t\t<div class=\"elementor-element elementor-element-a5cdfda elementor-widget elementor-widget-heading\" data-id=\"a5cdfda\" data-element_type=\"widget\" data-widget_type=\"heading.default\">\n\t\t\t\t<div class=\"elementor-widget-container\">\n\t\t\t<style>\/*! elementor - v3.23.0 - 05-08-2024 *\/\n.elementor-heading-title{padding:0;margin:0;line-height:1}.elementor-widget-heading .elementor-heading-title[class*=elementor-size-]>a{color:inherit;font-size:inherit;line-height:inherit}.elementor-widget-heading .elementor-heading-title.elementor-size-small{font-size:15px}.elementor-widget-heading .elementor-heading-title.elementor-size-medium{font-size:19px}.elementor-widget-heading .elementor-heading-title.elementor-size-large{font-size:29px}.elementor-widget-heading .elementor-heading-title.elementor-size-xl{font-size:39px}.elementor-widget-heading .elementor-heading-title.elementor-size-xxl{font-size:59px}<\/style><h2 class=\"elementor-heading-title elementor-size-default\">Admission of Pupils to Higher Grades<\/h2>\t\t<\/div>\n\t\t\t\t<\/div>\n\t\t\t\t<div class=\"elementor-element elementor-element-f3b682d elementor-widget elementor-widget-text-editor\" data-id=\"f3b682d\" data-element_type=\"widget\" data-widget_type=\"text-editor.default\">\n\t\t\t\t<div class=\"elementor-widget-container\">\n\t\t\t<style>\/*! elementor - v3.23.0 - 05-08-2024 *\/\n.elementor-widget-text-editor.elementor-drop-cap-view-stacked .elementor-drop-cap{background-color:#69727d;color:#fff}.elementor-widget-text-editor.elementor-drop-cap-view-framed .elementor-drop-cap{color:#69727d;border:3px solid;background-color:transparent}.elementor-widget-text-editor:not(.elementor-drop-cap-view-default) .elementor-drop-cap{margin-top:8px}.elementor-widget-text-editor:not(.elementor-drop-cap-view-default) .elementor-drop-cap-letter{width:1em;height:1em}.elementor-widget-text-editor .elementor-drop-cap{float:left;text-align:center;line-height:1;font-size:50px}.elementor-widget-text-editor .elementor-drop-cap-letter{display:inline-block}<\/style>\t\t\t\t<p>For higher grades (2nd \u2013 9th grade) we accept students according to free capacity (max. 20 pupils per class at the 1st level and a maximum of 26 students at the 2nd level).<\/p><p>Transfer from another school during the school year is possible on the basis of passing a transfer exam in English (written test and interview with a native speaker) and documenting the student's previous learning results (school report).<\/p><p>The verification of the level of English is necessary so that new students can be included in our existing language groups and, at the same time, manage to understand the lessons in classes that are taught bilingually.<\/p><p>After a successful English test, we invite applicants to a class for two days, where they will join a team and work together. This will verify that the pupil and his parents have really chosen the school according to their ideas, and we, in turn, will have the opportunity to meet a new classmate.<\/p><p>If you are interested, send us a non-binding <a href=\"https:\/\/www.wonderlandacademy.cz\/en\/zakladni-skola-2-stupen\/prihlaska\/\">application form<\/a>.<\/p>\t\t\t\t\t\t<\/div>\n\t\t\t\t<\/div>\n\t\t\t\t<div class=\"elementor-element elementor-element-88502ad elementor-widget elementor-widget-image\" data-id=\"88502ad\" data-element_type=\"widget\" data-widget_type=\"image.default\">\n\t\t\t\t<div class=\"elementor-widget-container\">\n\t\t\t<style>\/*! elementor - v3.23.0 - 05-08-2024 *\/\n.elementor-widget-image{text-align:center}.elementor-widget-image a{display:inline-block}.elementor-widget-image a img[src$=\".svg\"]{width:48px}.elementor-widget-image img{vertical-align:middle;display:inline-block}<\/style>\t\t\t\t\t\t\t\t\t\t<img fetchpriority=\"high\" decoding=\"async\" width=\"800\" height=\"534\" src=\"https:\/\/www.wonderlandacademy.cz\/wp-content\/uploads\/2022\/09\/II-stupen\u030c-pr-chazec\u030ce-pr\u030ciji\u0301ma\u0301ni\u0301-do-vys\u030cs\u030cs\u030ci\u0301ch-roc\u030cni\u0301ku\u030a-1-1024x683.jpg\" class=\"attachment-large size-large wp-image-5184\" alt=\"\" srcset=\"https:\/\/www.wonderlandacademy.cz\/wp-content\/uploads\/2022\/09\/II-stupen\u030c-pr-chazec\u030ce-pr\u030ciji\u0301ma\u0301ni\u0301-do-vys\u030cs\u030cs\u030ci\u0301ch-roc\u030cni\u0301ku\u030a-1-1024x683.jpg 1024w, https:\/\/www.wonderlandacademy.cz\/wp-content\/uploads\/2022\/09\/II-stupen\u030c-pr-chazec\u030ce-pr\u030ciji\u0301ma\u0301ni\u0301-do-vys\u030cs\u030cs\u030ci\u0301ch-roc\u030cni\u0301ku\u030a-1-300x200.jpg 300w, https:\/\/www.wonderlandacademy.cz\/wp-content\/uploads\/2022\/09\/II-stupen\u030c-pr-chazec\u030ce-pr\u030ciji\u0301ma\u0301ni\u0301-do-vys\u030cs\u030cs\u030ci\u0301ch-roc\u030cni\u0301ku\u030a-1-768x512.jpg 768w, https:\/\/www.wonderlandacademy.cz\/wp-content\/uploads\/2022\/09\/II-stupen\u030c-pr-chazec\u030ce-pr\u030ciji\u0301ma\u0301ni\u0301-do-vys\u030cs\u030cs\u030ci\u0301ch-roc\u030cni\u0301ku\u030a-1-1536x1024.jpg 1536w, https:\/\/www.wonderlandacademy.cz\/wp-content\/uploads\/2022\/09\/II-stupen\u030c-pr-chazec\u030ce-pr\u030ciji\u0301ma\u0301ni\u0301-do-vys\u030cs\u030cs\u030ci\u0301ch-roc\u030cni\u0301ku\u030a-1.jpg 2048w\" sizes=\"(max-width: 800px) 100vw, 800px\" \/>\t\t\t\t\t\t\t\t\t\t\t\t\t<\/div>\n\t\t\t\t<\/div>\n\t\t\t\t\t<\/div>\n\t\t<\/div>\n\t\t\t\t\t<\/div>\n\t\t<\/section>\n\t\t\t\t\t<\/div>\n\t\t<\/div>\n\t\t\t\t\t<\/div>\n\t\t<\/section>\n\t\t\t\t<\/div>","protected":false},"excerpt":{"rendered":"<p>Vy\u0161\u0161\u00ed ro\u010dn\u00edky Z\u00e1pis do 6. t\u0159\u00eddy Vy\u0161\u0161\u00ed ro\u010dn\u00edky P\u0159ij\u00edm\u00e1n\u00ed \u017e\u00e1k\u016f do vy\u0161\u0161\u00edch ro\u010dn\u00edk\u016f Do vy\u0161\u0161\u00edch ro\u010dn\u00edk\u016f (2. \u2013 9. t\u0159\u00edda) p\u0159ij\u00edm\u00e1me studenty podle voln\u00e9 kapacity (max. 20 \u017e\u00e1k\u016f ve t\u0159\u00edd\u011b na 1. stupni a nejv\u00fd\u0161e 26 student\u016f na 2. stupni). P\u0159estup z\u00a0jin\u00e9 \u0161koly v\u00a0pr\u016fb\u011bhu \u0161koln\u00edho roku je mo\u017en\u00fd na z\u00e1klad\u011b vykon\u00e1n\u00ed p\u0159estupn\u00ed zkou\u0161ky z\u00a0anglick\u00e9ho jazyka [&hellip;]<\/p>","protected":false},"author":1,"featured_media":0,"parent":628,"menu_order":0,"comment_status":"closed","ping_status":"closed","template":"","meta":{"footnotes":""},"class_list":["post-3377","page","type-page","status-publish","hentry"],"yoast_head":"<!-- This site is optimized with the Yoast SEO plugin v24.3 - https:\/\/yoast.com\/wordpress\/plugins\/seo\/ -->\n<title>P\u0159estup do vy\u0161\u0161\u00edch ro\u010dn\u00edk\u016f - Z\u00e1kladn\u00ed \u0161kola Wonderland Academy<\/title>\n<meta name=\"robots\" content=\"index, follow, max-snippet:-1, max-image-preview:large, max-video-preview:-1\" \/>\n<link rel=\"canonical\" href=\"https:\/\/www.wonderlandacademy.cz\/en\/zakladni-skola-2-stupen\/prestup-do-vyssich-rocniku\/\" \/>\n<meta property=\"og:locale\" content=\"en_GB\" \/>\n<meta property=\"og:type\" content=\"article\" \/>\n<meta property=\"og:title\" content=\"P\u0159estup do vy\u0161\u0161\u00edch ro\u010dn\u00edk\u016f - Z\u00e1kladn\u00ed \u0161kola Wonderland Academy\" \/>\n<meta property=\"og:description\" content=\"Vy\u0161\u0161\u00ed ro\u010dn\u00edky Z\u00e1pis do 6. t\u0159\u00eddy Vy\u0161\u0161\u00ed ro\u010dn\u00edky P\u0159ij\u00edm\u00e1n\u00ed \u017e\u00e1k\u016f do vy\u0161\u0161\u00edch ro\u010dn\u00edk\u016f Do vy\u0161\u0161\u00edch ro\u010dn\u00edk\u016f (2. \u2013 9. t\u0159\u00edda) p\u0159ij\u00edm\u00e1me studenty podle voln\u00e9 kapacity (max. 20 \u017e\u00e1k\u016f ve t\u0159\u00edd\u011b na 1. stupni a nejv\u00fd\u0161e 26 student\u016f na 2. stupni). P\u0159estup z\u00a0jin\u00e9 \u0161koly v\u00a0pr\u016fb\u011bhu \u0161koln\u00edho roku je mo\u017en\u00fd na z\u00e1klad\u011b vykon\u00e1n\u00ed p\u0159estupn\u00ed zkou\u0161ky z\u00a0anglick\u00e9ho jazyka [&hellip;]\" \/>\n<meta property=\"og:url\" content=\"https:\/\/www.wonderlandacademy.cz\/en\/zakladni-skola-2-stupen\/prestup-do-vyssich-rocniku\/\" \/>\n<meta property=\"og:site_name\" content=\"Z\u00e1kladn\u00ed \u0161kola Wonderland Academy\" \/>\n<meta property=\"article:modified_time\" content=\"2024-10-07T15:57:05+00:00\" \/>\n<meta name=\"twitter:card\" content=\"summary_large_image\" \/>\n<meta name=\"twitter:label1\" content=\"Estimated reading time\" \/>\n\t<meta name=\"twitter:data1\" content=\"1 minute\" \/>\n<script type=\"application\/ld+json\" class=\"yoast-schema-graph\">{\"@context\":\"https:\/\/schema.org\",\"@graph\":[{\"@type\":\"WebPage\",\"@id\":\"https:\/\/www.wonderlandacademy.cz\/zakladni-skola-2-stupen\/prestup-do-vyssich-rocniku\/\",\"url\":\"https:\/\/www.wonderlandacademy.cz\/zakladni-skola-2-stupen\/prestup-do-vyssich-rocniku\/\",\"name\":\"P\u0159estup do vy\u0161\u0161\u00edch ro\u010dn\u00edk\u016f - Z\u00e1kladn\u00ed \u0161kola Wonderland Academy\",\"isPartOf\":{\"@id\":\"https:\/\/www.wonderlandacademy.cz\/#website\"},\"datePublished\":\"2022-09-01T05:49:00+00:00\",\"dateModified\":\"2024-10-07T15:57:05+00:00\",\"breadcrumb\":{\"@id\":\"https:\/\/www.wonderlandacademy.cz\/zakladni-skola-2-stupen\/prestup-do-vyssich-rocniku\/#breadcrumb\"},\"inLanguage\":\"en-GB\",\"potentialAction\":[{\"@type\":\"ReadAction\",\"target\":[\"https:\/\/www.wonderlandacademy.cz\/zakladni-skola-2-stupen\/prestup-do-vyssich-rocniku\/\"]}]},{\"@type\":\"BreadcrumbList\",\"@id\":\"https:\/\/www.wonderlandacademy.cz\/zakladni-skola-2-stupen\/prestup-do-vyssich-rocniku\/#breadcrumb\",\"itemListElement\":[{\"@type\":\"ListItem\",\"position\":1,\"name\":\"Dom\u016f\",\"item\":\"https:\/\/www.wonderlandacademy.cz\/\"},{\"@type\":\"ListItem\",\"position\":2,\"name\":\"Z\u00e1kladn\u00ed \u0161kola &#8211; 2. stupe\u0148\",\"item\":\"https:\/\/www.wonderlandacademy.cz\/zakladni-skola-2-stupen\/\"},{\"@type\":\"ListItem\",\"position\":3,\"name\":\"P\u0159estup do vy\u0161\u0161\u00edch ro\u010dn\u00edk\u016f\"}]},{\"@type\":\"WebSite\",\"@id\":\"https:\/\/www.wonderlandacademy.cz\/#website\",\"url\":\"https:\/\/www.wonderlandacademy.cz\/\",\"name\":\"Z\u00e1kladn\u00ed \u0161kola Wonderland Academy\",\"description\":\"Tvo\u0159\u00edme budoucnost Va\u0161ich d\u011bt\u00ed\",\"publisher\":{\"@id\":\"https:\/\/www.wonderlandacademy.cz\/#organization\"},\"potentialAction\":[{\"@type\":\"SearchAction\",\"target\":{\"@type\":\"EntryPoint\",\"urlTemplate\":\"https:\/\/www.wonderlandacademy.cz\/?s={search_term_string}\"},\"query-input\":{\"@type\":\"PropertyValueSpecification\",\"valueRequired\":true,\"valueName\":\"search_term_string\"}}],\"inLanguage\":\"en-GB\"},{\"@type\":\"Organization\",\"@id\":\"https:\/\/www.wonderlandacademy.cz\/#organization\",\"name\":\"Z\u00e1kladn\u00ed \u0161kola Wonderland Academy\",\"url\":\"https:\/\/www.wonderlandacademy.cz\/\",\"logo\":{\"@type\":\"ImageObject\",\"inLanguage\":\"en-GB\",\"@id\":\"https:\/\/www.wonderlandacademy.cz\/#\/schema\/logo\/image\/\",\"url\":\"https:\/\/www.wonderlandacademy.cz\/wp-content\/uploads\/2021\/12\/logo-wa3.svg\",\"contentUrl\":\"https:\/\/www.wonderlandacademy.cz\/wp-content\/uploads\/2021\/12\/logo-wa3.svg\",\"width\":100,\"height\":100,\"caption\":\"Z\u00e1kladn\u00ed \u0161kola Wonderland Academy\"},\"image\":{\"@id\":\"https:\/\/www.wonderlandacademy.cz\/#\/schema\/logo\/image\/\"}}]}<\/script>\n<!-- \/ Yoast SEO plugin. -->","yoast_head_json":{"title":"P\u0159estup do vy\u0161\u0161\u00edch ro\u010dn\u00edk\u016f - Z\u00e1kladn\u00ed \u0161kola Wonderland Academy","robots":{"index":"index","follow":"follow","max-snippet":"max-snippet:-1","max-image-preview":"max-image-preview:large","max-video-preview":"max-video-preview:-1"},"canonical":"https:\/\/www.wonderlandacademy.cz\/en\/zakladni-skola-2-stupen\/prestup-do-vyssich-rocniku\/","og_locale":"en_GB","og_type":"article","og_title":"P\u0159estup do vy\u0161\u0161\u00edch ro\u010dn\u00edk\u016f - Z\u00e1kladn\u00ed \u0161kola Wonderland Academy","og_description":"Vy\u0161\u0161\u00ed ro\u010dn\u00edky Z\u00e1pis do 6. t\u0159\u00eddy Vy\u0161\u0161\u00ed ro\u010dn\u00edky P\u0159ij\u00edm\u00e1n\u00ed \u017e\u00e1k\u016f do vy\u0161\u0161\u00edch ro\u010dn\u00edk\u016f Do vy\u0161\u0161\u00edch ro\u010dn\u00edk\u016f (2. \u2013 9. t\u0159\u00edda) p\u0159ij\u00edm\u00e1me studenty podle voln\u00e9 kapacity (max. 20 \u017e\u00e1k\u016f ve t\u0159\u00edd\u011b na 1. stupni a nejv\u00fd\u0161e 26 student\u016f na 2. stupni). P\u0159estup z\u00a0jin\u00e9 \u0161koly v\u00a0pr\u016fb\u011bhu \u0161koln\u00edho roku je mo\u017en\u00fd na z\u00e1klad\u011b vykon\u00e1n\u00ed p\u0159estupn\u00ed zkou\u0161ky z\u00a0anglick\u00e9ho jazyka [&hellip;]","og_url":"https:\/\/www.wonderlandacademy.cz\/en\/zakladni-skola-2-stupen\/prestup-do-vyssich-rocniku\/","og_site_name":"Z\u00e1kladn\u00ed \u0161kola Wonderland Academy","article_modified_time":"2024-10-07T15:57:05+00:00","twitter_card":"summary_large_image","twitter_misc":{"Estimated reading time":"1 minute"},"schema":{"@context":"https:\/\/schema.org","@graph":[{"@type":"WebPage","@id":"https:\/\/www.wonderlandacademy.cz\/zakladni-skola-2-stupen\/prestup-do-vyssich-rocniku\/","url":"https:\/\/www.wonderlandacademy.cz\/zakladni-skola-2-stupen\/prestup-do-vyssich-rocniku\/","name":"P\u0159estup do vy\u0161\u0161\u00edch ro\u010dn\u00edk\u016f - Z\u00e1kladn\u00ed \u0161kola Wonderland Academy","isPartOf":{"@id":"https:\/\/www.wonderlandacademy.cz\/#website"},"datePublished":"2022-09-01T05:49:00+00:00","dateModified":"2024-10-07T15:57:05+00:00","breadcrumb":{"@id":"https:\/\/www.wonderlandacademy.cz\/zakladni-skola-2-stupen\/prestup-do-vyssich-rocniku\/#breadcrumb"},"inLanguage":"en-GB","potentialAction":[{"@type":"ReadAction","target":["https:\/\/www.wonderlandacademy.cz\/zakladni-skola-2-stupen\/prestup-do-vyssich-rocniku\/"]}]},{"@type":"BreadcrumbList","@id":"https:\/\/www.wonderlandacademy.cz\/zakladni-skola-2-stupen\/prestup-do-vyssich-rocniku\/#breadcrumb","itemListElement":[{"@type":"ListItem","position":1,"name":"Dom\u016f","item":"https:\/\/www.wonderlandacademy.cz\/"},{"@type":"ListItem","position":2,"name":"Z\u00e1kladn\u00ed \u0161kola &#8211; 2. stupe\u0148","item":"https:\/\/www.wonderlandacademy.cz\/zakladni-skola-2-stupen\/"},{"@type":"ListItem","position":3,"name":"P\u0159estup do vy\u0161\u0161\u00edch ro\u010dn\u00edk\u016f"}]},{"@type":"WebSite","@id":"https:\/\/www.wonderlandacademy.cz\/#website","url":"https:\/\/www.wonderlandacademy.cz\/","name":"Z\u00e1kladn\u00ed \u0161kola Wonderland Academy","description":"Tvo\u0159\u00edme budoucnost Va\u0161ich d\u011bt\u00ed","publisher":{"@id":"https:\/\/www.wonderlandacademy.cz\/#organization"},"potentialAction":[{"@type":"SearchAction","target":{"@type":"EntryPoint","urlTemplate":"https:\/\/www.wonderlandacademy.cz\/?s={search_term_string}"},"query-input":{"@type":"PropertyValueSpecification","valueRequired":true,"valueName":"search_term_string"}}],"inLanguage":"en-GB"},{"@type":"Organization","@id":"https:\/\/www.wonderlandacademy.cz\/#organization","name":"Z\u00e1kladn\u00ed \u0161kola Wonderland Academy","url":"https:\/\/www.wonderlandacademy.cz\/","logo":{"@type":"ImageObject","inLanguage":"en-GB","@id":"https:\/\/www.wonderlandacademy.cz\/#\/schema\/logo\/image\/","url":"https:\/\/www.wonderlandacademy.cz\/wp-content\/uploads\/2021\/12\/logo-wa3.svg","contentUrl":"https:\/\/www.wonderlandacademy.cz\/wp-content\/uploads\/2021\/12\/logo-wa3.svg","width":100,"height":100,"caption":"Z\u00e1kladn\u00ed \u0161kola Wonderland Academy"},"image":{"@id":"https:\/\/www.wonderlandacademy.cz\/#\/schema\/logo\/image\/"}}]}},"publishpress_future_action":{"enabled":false,"date":"2026-05-12 14:13:42","action":"change-status","newStatus":"draft","terms":[],"taxonomy":""},"publishpress_future_workflow_manual_trigger":{"enabledWorkflows":[]},"_links":{"self":[{"href":"https:\/\/www.wonderlandacademy.cz\/en\/wp-json\/wp\/v2\/pages\/3377","targetHints":{"allow":["GET"]}}],"collection":[{"href":"https:\/\/www.wonderlandacademy.cz\/en\/wp-json\/wp\/v2\/pages"}],"about":[{"href":"https:\/\/www.wonderlandacademy.cz\/en\/wp-json\/wp\/v2\/types\/page"}],"author":[{"embeddable":true,"href":"https:\/\/www.wonderlandacademy.cz\/en\/wp-json\/wp\/v2\/users\/1"}],"replies":[{"embeddable":true,"href":"https:\/\/www.wonderlandacademy.cz\/en\/wp-json\/wp\/v2\/comments?post=3377"}],"version-history":[{"count":3,"href":"https:\/\/www.wonderlandacademy.cz\/en\/wp-json\/wp\/v2\/pages\/3377\/revisions"}],"predecessor-version":[{"id":11940,"href":"https:\/\/www.wonderlandacademy.cz\/en\/wp-json\/wp\/v2\/pages\/3377\/revisions\/11940"}],"up":[{"embeddable":true,"href":"https:\/\/www.wonderlandacademy.cz\/en\/wp-json\/wp\/v2\/pages\/628"}],"wp:attachment":[{"href":"https:\/\/www.wonderlandacademy.cz\/en\/wp-json\/wp\/v2\/media?parent=3377"}],"curies":[{"name":"wp","href":"https:\/\/api.w.org\/{rel}","templated":true}]}}