{"id":1577,"date":"2022-06-03T16:00:00","date_gmt":"2022-06-03T14:00:00","guid":{"rendered":"http:\/\/webla.cz\/wonderland\/?page_id=1577"},"modified":"2026-02-27T09:04:51","modified_gmt":"2026-02-27T08:04:51","slug":"letni-program","status":"publish","type":"page","link":"https:\/\/www.wonderlandacademy.cz\/en\/ms\/letni-program\/","title":{"rendered":"Summer program"},"content":{"rendered":"<div data-elementor-type=\"wp-page\" data-elementor-id=\"1577\" class=\"elementor elementor-1577\" data-elementor-post-type=\"page\">\n\t\t\t\t\t\t<section class=\"elementor-section elementor-top-section elementor-element elementor-element-f02cef2 elementor-section-full_width elementor-section-height-default elementor-section-height-default\" data-id=\"f02cef2\" data-element_type=\"section\">\n\t\t\t\t\t\t<div class=\"elementor-container elementor-column-gap-default\">\n\t\t\t\t\t<div class=\"elementor-column elementor-col-100 elementor-top-column elementor-element elementor-element-fa0c523\" data-id=\"fa0c523\" data-element_type=\"column\">\n\t\t\t<div class=\"elementor-widget-wrap elementor-element-populated\">\n\t\t\t\t\t\t<div class=\"elementor-element elementor-element-869d8e0 elementor-align-left elementor-widget elementor-widget-global elementor-global-969 elementor-widget-breadcrumbs\" data-id=\"869d8e0\" data-element_type=\"widget\" data-widget_type=\"breadcrumbs.default\">\n\t\t\t\t<div class=\"elementor-widget-container\">\n\t\t\t<link rel=\"stylesheet\" href=\"https:\/\/www.wonderlandacademy.cz\/wp-content\/plugins\/elementor-pro\/assets\/css\/widget-theme-elements.min.css\"><p id=\"breadcrumbs\"><span><span><a href=\"https:\/\/www.wonderlandacademy.cz\/en\/\">Home<\/a><\/span><\/span><\/p>\t\t<\/div>\n\t\t\t\t<\/div>\n\t\t\t\t\t<\/div>\n\t\t<\/div>\n\t\t\t\t\t<\/div>\n\t\t<\/section>\n\t\t\t\t<section class=\"elementor-section elementor-top-section elementor-element elementor-element-37d8642 elementor-section-full_width elementor-section-height-default elementor-section-height-default\" data-id=\"37d8642\" data-element_type=\"section\" data-settings=\"{&quot;background_background&quot;:&quot;classic&quot;}\">\n\t\t\t\t\t\t<div class=\"elementor-container elementor-column-gap-default\">\n\t\t\t\t\t<div class=\"elementor-column elementor-col-50 elementor-top-column elementor-element elementor-element-33bf6d0d\" data-id=\"33bf6d0d\" data-element_type=\"column\" data-settings=\"{&quot;background_background&quot;:&quot;classic&quot;}\">\n\t\t\t<div class=\"elementor-widget-wrap elementor-element-populated\">\n\t\t\t\t\t\t<div class=\"elementor-element elementor-element-195f3277 elementor-align-justify elementor-hidden-tablet elementor-hidden-mobile elementor-widget elementor-widget-button\" data-id=\"195f3277\" data-element_type=\"widget\" data-settings=\"{&quot;sticky&quot;:&quot;top&quot;,&quot;sticky_on&quot;:[&quot;desktop&quot;],&quot;sticky_offset&quot;:3,&quot;sticky_effects_offset&quot;:0}\" data-widget_type=\"button.default\">\n\t\t\t\t<div class=\"elementor-widget-container\">\n\t\t\t\t\t<div class=\"elementor-button-wrapper\">\n\t\t\t<a class=\"elementor-button elementor-button-link elementor-size-sm\" href=\"#let-program\">\n\t\t\t\t\t\t<span class=\"elementor-button-content-wrapper\">\n\t\t\t\t\t\t<span class=\"elementor-button-icon\">\n\t\t\t\t<i aria-hidden=\"true\" class=\"fas fa-angle-right\"><\/i>\t\t\t<\/span>\n\t\t\t\t\t\t\t\t\t<span class=\"elementor-button-text\">Summer program<\/span>\n\t\t\t\t\t<\/span>\n\t\t\t\t\t<\/a>\n\t\t<\/div>\n\t\t\t\t<\/div>\n\t\t\t\t<\/div>\n\t\t\t\t<section class=\"elementor-section elementor-inner-section elementor-element elementor-element-70976d18 elementor-section-full_width elementor-hidden-desktop elementor-section-height-default elementor-section-height-default\" data-id=\"70976d18\" data-element_type=\"section\">\n\t\t\t\t\t\t<div class=\"elementor-container elementor-column-gap-default\">\n\t\t\t\t\t<div class=\"elementor-column elementor-col-50 elementor-inner-column elementor-element elementor-element-24a71ed8\" data-id=\"24a71ed8\" data-element_type=\"column\">\n\t\t\t<div class=\"elementor-widget-wrap elementor-element-populated\">\n\t\t\t\t\t\t<div class=\"elementor-element elementor-element-74870c98 elementor-align-justify elementor-mobile-align-justify elementor-widget elementor-widget-button\" data-id=\"74870c98\" data-element_type=\"widget\" data-widget_type=\"button.default\">\n\t\t\t\t<div class=\"elementor-widget-container\">\n\t\t\t\t\t<div class=\"elementor-button-wrapper\">\n\t\t\t<a class=\"elementor-button elementor-button-link elementor-size-sm\" href=\"#let-program\">\n\t\t\t\t\t\t<span class=\"elementor-button-content-wrapper\">\n\t\t\t\t\t\t<span class=\"elementor-button-icon\">\n\t\t\t\t<i aria-hidden=\"true\" class=\"fas fa-angle-right\"><\/i>\t\t\t<\/span>\n\t\t\t\t\t\t\t\t\t<span class=\"elementor-button-text\">Summer program<\/span>\n\t\t\t\t\t<\/span>\n\t\t\t\t\t<\/a>\n\t\t<\/div>\n\t\t\t\t<\/div>\n\t\t\t\t<\/div>\n\t\t\t\t\t<\/div>\n\t\t<\/div>\n\t\t\t\t<div class=\"elementor-column elementor-col-50 elementor-inner-column elementor-element elementor-element-5c505aa7\" data-id=\"5c505aa7\" data-element_type=\"column\">\n\t\t\t<div class=\"elementor-widget-wrap\">\n\t\t\t\t\t\t\t<\/div>\n\t\t<\/div>\n\t\t\t\t\t<\/div>\n\t\t<\/section>\n\t\t\t\t\t<\/div>\n\t\t<\/div>\n\t\t\t\t<div class=\"elementor-column elementor-col-50 elementor-top-column elementor-element elementor-element-6c95b057 elementor-invisible\" data-id=\"6c95b057\" data-element_type=\"column\" data-settings=\"{&quot;animation&quot;:&quot;fadeIn&quot;,&quot;background_background&quot;:&quot;classic&quot;}\">\n\t\t\t<div class=\"elementor-widget-wrap elementor-element-populated\">\n\t\t\t\t\t\t<section class=\"elementor-section elementor-inner-section elementor-element elementor-element-3f27c57 elementor-section-full_width elementor-section-height-default elementor-section-height-default\" data-id=\"3f27c57\" data-element_type=\"section\">\n\t\t\t\t\t\t<div class=\"elementor-container elementor-column-gap-default\">\n\t\t\t\t\t<div class=\"elementor-column elementor-col-50 elementor-inner-column elementor-element elementor-element-3dcebb4\" data-id=\"3dcebb4\" data-element_type=\"column\">\n\t\t\t<div class=\"elementor-widget-wrap elementor-element-populated\">\n\t\t\t\t\t\t<div class=\"elementor-element elementor-element-7701d435 elementor-widget elementor-widget-heading\" data-id=\"7701d435\" data-element_type=\"widget\" data-widget_type=\"heading.default\">\n\t\t\t\t<div class=\"elementor-widget-container\">\n\t\t\t<style>\/*! elementor - v3.23.0 - 05-08-2024 *\/\n.elementor-heading-title{padding:0;margin:0;line-height:1}.elementor-widget-heading .elementor-heading-title[class*=elementor-size-]>a{color:inherit;font-size:inherit;line-height:inherit}.elementor-widget-heading .elementor-heading-title.elementor-size-small{font-size:15px}.elementor-widget-heading .elementor-heading-title.elementor-size-medium{font-size:19px}.elementor-widget-heading .elementor-heading-title.elementor-size-large{font-size:29px}.elementor-widget-heading .elementor-heading-title.elementor-size-xl{font-size:39px}.elementor-widget-heading .elementor-heading-title.elementor-size-xxl{font-size:59px}<\/style><h2 class=\"elementor-heading-title elementor-size-default\">Summer program<\/h2>\t\t<\/div>\n\t\t\t\t<\/div>\n\t\t\t\t\t<\/div>\n\t\t<\/div>\n\t\t\t\t<div class=\"elementor-column elementor-col-50 elementor-inner-column elementor-element elementor-element-bc73ec1\" data-id=\"bc73ec1\" data-element_type=\"column\">\n\t\t\t<div class=\"elementor-widget-wrap elementor-element-populated\">\n\t\t\t\t\t\t<div class=\"elementor-element elementor-element-032ad1c elementor-widget elementor-widget-image\" data-id=\"032ad1c\" data-element_type=\"widget\" data-widget_type=\"image.default\">\n\t\t\t\t<div class=\"elementor-widget-container\">\n\t\t\t<style>\/*! elementor - v3.23.0 - 05-08-2024 *\/\n.elementor-widget-image{text-align:center}.elementor-widget-image a{display:inline-block}.elementor-widget-image a img[src$=\".svg\"]{width:48px}.elementor-widget-image img{vertical-align:middle;display:inline-block}<\/style>\t\t\t\t\t\t\t\t\t\t<img fetchpriority=\"high\" decoding=\"async\" width=\"800\" height=\"533\" src=\"https:\/\/www.wonderlandacademy.cz\/wp-content\/uploads\/2022\/08\/ILCE7R4MBM1-05292-1024x682.jpg\" class=\"attachment-large size-large wp-image-2522\" alt=\"\" srcset=\"https:\/\/www.wonderlandacademy.cz\/wp-content\/uploads\/2022\/08\/ILCE7R4MBM1-05292-1024x682.jpg 1024w, https:\/\/www.wonderlandacademy.cz\/wp-content\/uploads\/2022\/08\/ILCE7R4MBM1-05292-300x200.jpg 300w, https:\/\/www.wonderlandacademy.cz\/wp-content\/uploads\/2022\/08\/ILCE7R4MBM1-05292-768x512.jpg 768w, https:\/\/www.wonderlandacademy.cz\/wp-content\/uploads\/2022\/08\/ILCE7R4MBM1-05292.jpg 1280w\" sizes=\"(max-width: 800px) 100vw, 800px\" \/>\t\t\t\t\t\t\t\t\t\t\t\t\t<\/div>\n\t\t\t\t<\/div>\n\t\t\t\t\t<\/div>\n\t\t<\/div>\n\t\t\t\t\t<\/div>\n\t\t<\/section>\n\t\t\t\t<section class=\"elementor-section elementor-inner-section elementor-element elementor-element-a6c5b31 elementor-section-boxed elementor-section-height-default elementor-section-height-default\" data-id=\"a6c5b31\" data-element_type=\"section\">\n\t\t\t\t\t\t<div class=\"elementor-container elementor-column-gap-default\">\n\t\t\t\t\t<div class=\"elementor-column elementor-col-100 elementor-inner-column elementor-element elementor-element-1e6862d\" data-id=\"1e6862d\" data-element_type=\"column\">\n\t\t\t<div class=\"elementor-widget-wrap elementor-element-populated\">\n\t\t\t\t\t\t<div class=\"elementor-element elementor-element-6695d6b elementor-widget elementor-widget-text-editor\" data-id=\"6695d6b\" data-element_type=\"widget\" data-widget_type=\"text-editor.default\">\n\t\t\t\t<div class=\"elementor-widget-container\">\n\t\t\t<style>\/*! elementor - v3.23.0 - 05-08-2024 *\/\n.elementor-widget-text-editor.elementor-drop-cap-view-stacked .elementor-drop-cap{background-color:#69727d;color:#fff}.elementor-widget-text-editor.elementor-drop-cap-view-framed .elementor-drop-cap{color:#69727d;border:3px solid;background-color:transparent}.elementor-widget-text-editor:not(.elementor-drop-cap-view-default) .elementor-drop-cap{margin-top:8px}.elementor-widget-text-editor:not(.elementor-drop-cap-view-default) .elementor-drop-cap-letter{width:1em;height:1em}.elementor-widget-text-editor .elementor-drop-cap{float:left;text-align:center;line-height:1;font-size:50px}.elementor-widget-text-editor .elementor-drop-cap-letter{display:inline-block}<\/style>\t\t\t\t<p>The summer program takes place at the Libu\u0161 branch \u2013 M\u00edlov\u00e1 697, 142 00, Prague 4.<\/p><p><strong>Open Hours<\/strong><\/p><p>Mon \u2013 Wed from 8:00 a.m. to 5:00 p.m.<br \/>Thu \u2013 Fri from 8:00 a.m. to 4:00 p.m.<\/p><p>The preschool summer program will only open if at least two children are registered.<\/p><p><strong>English class price list<\/strong><\/p><p>Week 4,800 CZK (2-3 years)<br \/>Week 4,350 CZK (3-7 years)<\/p><p><strong>Czech class price list<\/strong><\/p><p>Week 3,960 CZK (2-3 years)<br \/>Week 3,600 CZK (3-7 years)<\/p><p><strong>Price of Meals<\/strong><\/p><p>75 CZK- lunch<br \/>34 CZK -snack<\/p><p><strong>Summer schedule<br \/><\/strong>Download Czech version here\u00a0<a href=\"https:\/\/www.wonderlandacademy.cz\/wp-content\/uploads\/2026\/02\/MS-Letni-Program-CZ-2026.pdf\" target=\"_blank\" rel=\"noopener\">Czech version<\/a>,<br \/>Download Czech version here\u00a0<a href=\"https:\/\/www.wonderlandacademy.cz\/wp-content\/uploads\/2026\/02\/MS-Letni-Program-EN-2026.pdf\" target=\"_blank\" rel=\"noopener\">English version<\/a><\/p><ol><li>7.7. &#8211; 10.7.2026 <span class=\"TextRun SCXW145295262 BCX0\" lang=\"CS-CZ\" xml:lang=\"CS-CZ\" data-contrast=\"none\"><span class=\"NormalTextRun SCXW145295262 BCX0\">STONE AGE<\/span><\/span><\/li><li>13.7. \u2013 17.7. 2026 FRIENDSHIP WEEK<\/li><li>20.7. \u2013 24.7. 2026 LET'S GO TO THE BEACH<\/li><li>27.7. \u2013 31.7. 2026  FANTASTIC BEASTS AND WHERE TO FIND THEM<\/li><li>3.8. -7.8. 2026 ZLATOKOPECK\u00dd T\u00ddDEN\u00a0<\/li><li>10.8. \u2013 14.8. 2026  YOUNG SCIENTISTS WEEK<\/li><li>17.8. \u2013 21.8. 2025 SPACE ADVENTURE<\/li><\/ol><div>\u00a0<\/div><p><a href=\"https:\/\/forms.office.com\/e\/kimM2rhqwK\" target=\"_blank\" rel=\"noopener\">Application for the summer program for children who do not attend our preschool \u00a0<\/a><\/p>\t\t\t\t\t\t<\/div>\n\t\t\t\t<\/div>\n\t\t\t\t\t<\/div>\n\t\t<\/div>\n\t\t\t\t\t<\/div>\n\t\t<\/section>\n\t\t\t\t\t<\/div>\n\t\t<\/div>\n\t\t\t\t\t<\/div>\n\t\t<\/section>\n\t\t\t\t<\/div>","protected":false},"excerpt":{"rendered":"<p>Letn\u00ed program Letn\u00ed program Letn\u00ed program Letn\u00ed program prob\u00edh\u00e1 na pobo\u010dce Libu\u0161 \u2013 M\u00edlov\u00e1 697, 142 00,\u00a0Praha 4. Otev\u00edrac\u00ed doba Po \u2013 St od 8:00 \u2013 17:00\u010ct \u2013 P\u00e1 od 8:00 \u2013 16:00 Jesli\u010dky se otev\u00edraj\u00ed jen v p\u0159\u00edpad\u011b, \u017ee budou na program p\u0159ihl\u00e1\u0161eny alespo\u0148 dv\u011b d\u011bti. Cen\u00edk anglick\u00e1 t\u0159\u00edda T\u00fdden 4.800,- K\u010d (2-3 roky)T\u00fdden [&hellip;]<\/p>","protected":false},"author":1,"featured_media":0,"parent":589,"menu_order":0,"comment_status":"closed","ping_status":"closed","template":"","meta":{"footnotes":""},"class_list":["post-1577","page","type-page","status-publish","hentry"],"yoast_head":"<!-- This site is optimized with the Yoast SEO plugin v24.3 - https:\/\/yoast.com\/wordpress\/plugins\/seo\/ -->\n<title>Letn\u00ed program - Z\u00e1kladn\u00ed \u0161kola Wonderland Academy<\/title>\n<meta name=\"robots\" content=\"index, follow, max-snippet:-1, max-image-preview:large, max-video-preview:-1\" \/>\n<link rel=\"canonical\" href=\"https:\/\/www.wonderlandacademy.cz\/en\/ms\/letni-program\/\" \/>\n<meta property=\"og:locale\" content=\"en_GB\" \/>\n<meta property=\"og:type\" content=\"article\" \/>\n<meta property=\"og:title\" content=\"Letn\u00ed program - Z\u00e1kladn\u00ed \u0161kola Wonderland Academy\" \/>\n<meta property=\"og:description\" content=\"Letn\u00ed program Letn\u00ed program Letn\u00ed program Letn\u00ed program prob\u00edh\u00e1 na pobo\u010dce Libu\u0161 \u2013 M\u00edlov\u00e1 697, 142 00,\u00a0Praha 4. Otev\u00edrac\u00ed doba Po \u2013 St od 8:00 \u2013 17:00\u010ct \u2013 P\u00e1 od 8:00 \u2013 16:00 Jesli\u010dky se otev\u00edraj\u00ed jen v p\u0159\u00edpad\u011b, \u017ee budou na program p\u0159ihl\u00e1\u0161eny alespo\u0148 dv\u011b d\u011bti. Cen\u00edk anglick\u00e1 t\u0159\u00edda T\u00fdden 4.800,- K\u010d (2-3 roky)T\u00fdden [&hellip;]\" \/>\n<meta property=\"og:url\" content=\"https:\/\/www.wonderlandacademy.cz\/en\/ms\/letni-program\/\" \/>\n<meta property=\"og:site_name\" content=\"Z\u00e1kladn\u00ed \u0161kola Wonderland Academy\" \/>\n<meta property=\"article:modified_time\" content=\"2026-02-27T08:04:51+00:00\" \/>\n<meta property=\"og:image\" content=\"https:\/\/www.wonderlandacademy.cz\/wp-content\/uploads\/2022\/08\/ILCE7R4MBM1-05292.jpg\" \/>\n\t<meta property=\"og:image:width\" content=\"1280\" \/>\n\t<meta property=\"og:image:height\" content=\"853\" \/>\n\t<meta property=\"og:image:type\" content=\"image\/jpeg\" \/>\n<meta name=\"twitter:card\" content=\"summary_large_image\" \/>\n<meta name=\"twitter:label1\" content=\"Estimated reading time\" \/>\n\t<meta name=\"twitter:data1\" content=\"1 minute\" \/>\n<script type=\"application\/ld+json\" class=\"yoast-schema-graph\">{\"@context\":\"https:\/\/schema.org\",\"@graph\":[{\"@type\":\"WebPage\",\"@id\":\"https:\/\/www.wonderlandacademy.cz\/ms\/letni-program\/\",\"url\":\"https:\/\/www.wonderlandacademy.cz\/ms\/letni-program\/\",\"name\":\"Letn\u00ed program - Z\u00e1kladn\u00ed \u0161kola Wonderland Academy\",\"isPartOf\":{\"@id\":\"https:\/\/www.wonderlandacademy.cz\/#website\"},\"primaryImageOfPage\":{\"@id\":\"https:\/\/www.wonderlandacademy.cz\/ms\/letni-program\/#primaryimage\"},\"image\":{\"@id\":\"https:\/\/www.wonderlandacademy.cz\/ms\/letni-program\/#primaryimage\"},\"thumbnailUrl\":\"https:\/\/www.wonderlandacademy.cz\/wp-content\/uploads\/2022\/08\/ILCE7R4MBM1-05292-1024x682.jpg\",\"datePublished\":\"2022-06-03T14:00:00+00:00\",\"dateModified\":\"2026-02-27T08:04:51+00:00\",\"breadcrumb\":{\"@id\":\"https:\/\/www.wonderlandacademy.cz\/ms\/letni-program\/#breadcrumb\"},\"inLanguage\":\"en-GB\",\"potentialAction\":[{\"@type\":\"ReadAction\",\"target\":[\"https:\/\/www.wonderlandacademy.cz\/ms\/letni-program\/\"]}]},{\"@type\":\"ImageObject\",\"inLanguage\":\"en-GB\",\"@id\":\"https:\/\/www.wonderlandacademy.cz\/ms\/letni-program\/#primaryimage\",\"url\":\"https:\/\/www.wonderlandacademy.cz\/wp-content\/uploads\/2022\/08\/ILCE7R4MBM1-05292-1024x682.jpg\",\"contentUrl\":\"https:\/\/www.wonderlandacademy.cz\/wp-content\/uploads\/2022\/08\/ILCE7R4MBM1-05292-1024x682.jpg\"},{\"@type\":\"BreadcrumbList\",\"@id\":\"https:\/\/www.wonderlandacademy.cz\/ms\/letni-program\/#breadcrumb\",\"itemListElement\":[{\"@type\":\"ListItem\",\"position\":1,\"name\":\"Dom\u016f\",\"item\":\"https:\/\/www.wonderlandacademy.cz\/\"},{\"@type\":\"ListItem\",\"position\":2,\"name\":\"M\u0160\",\"item\":\"https:\/\/www.wonderlandacademy.cz\/ms\/\"},{\"@type\":\"ListItem\",\"position\":3,\"name\":\"Letn\u00ed program\"}]},{\"@type\":\"WebSite\",\"@id\":\"https:\/\/www.wonderlandacademy.cz\/#website\",\"url\":\"https:\/\/www.wonderlandacademy.cz\/\",\"name\":\"Z\u00e1kladn\u00ed \u0161kola Wonderland Academy\",\"description\":\"Tvo\u0159\u00edme budoucnost Va\u0161ich d\u011bt\u00ed\",\"publisher\":{\"@id\":\"https:\/\/www.wonderlandacademy.cz\/#organization\"},\"potentialAction\":[{\"@type\":\"SearchAction\",\"target\":{\"@type\":\"EntryPoint\",\"urlTemplate\":\"https:\/\/www.wonderlandacademy.cz\/?s={search_term_string}\"},\"query-input\":{\"@type\":\"PropertyValueSpecification\",\"valueRequired\":true,\"valueName\":\"search_term_string\"}}],\"inLanguage\":\"en-GB\"},{\"@type\":\"Organization\",\"@id\":\"https:\/\/www.wonderlandacademy.cz\/#organization\",\"name\":\"Z\u00e1kladn\u00ed \u0161kola Wonderland Academy\",\"url\":\"https:\/\/www.wonderlandacademy.cz\/\",\"logo\":{\"@type\":\"ImageObject\",\"inLanguage\":\"en-GB\",\"@id\":\"https:\/\/www.wonderlandacademy.cz\/#\/schema\/logo\/image\/\",\"url\":\"https:\/\/www.wonderlandacademy.cz\/wp-content\/uploads\/2021\/12\/logo-wa3.svg\",\"contentUrl\":\"https:\/\/www.wonderlandacademy.cz\/wp-content\/uploads\/2021\/12\/logo-wa3.svg\",\"width\":100,\"height\":100,\"caption\":\"Z\u00e1kladn\u00ed \u0161kola Wonderland Academy\"},\"image\":{\"@id\":\"https:\/\/www.wonderlandacademy.cz\/#\/schema\/logo\/image\/\"}}]}<\/script>\n<!-- \/ Yoast SEO plugin. -->","yoast_head_json":{"title":"Letn\u00ed program - Z\u00e1kladn\u00ed \u0161kola Wonderland Academy","robots":{"index":"index","follow":"follow","max-snippet":"max-snippet:-1","max-image-preview":"max-image-preview:large","max-video-preview":"max-video-preview:-1"},"canonical":"https:\/\/www.wonderlandacademy.cz\/en\/ms\/letni-program\/","og_locale":"en_GB","og_type":"article","og_title":"Letn\u00ed program - Z\u00e1kladn\u00ed \u0161kola Wonderland Academy","og_description":"Letn\u00ed program Letn\u00ed program Letn\u00ed program Letn\u00ed program prob\u00edh\u00e1 na pobo\u010dce Libu\u0161 \u2013 M\u00edlov\u00e1 697, 142 00,\u00a0Praha 4. Otev\u00edrac\u00ed doba Po \u2013 St od 8:00 \u2013 17:00\u010ct \u2013 P\u00e1 od 8:00 \u2013 16:00 Jesli\u010dky se otev\u00edraj\u00ed jen v p\u0159\u00edpad\u011b, \u017ee budou na program p\u0159ihl\u00e1\u0161eny alespo\u0148 dv\u011b d\u011bti. Cen\u00edk anglick\u00e1 t\u0159\u00edda T\u00fdden 4.800,- K\u010d (2-3 roky)T\u00fdden [&hellip;]","og_url":"https:\/\/www.wonderlandacademy.cz\/en\/ms\/letni-program\/","og_site_name":"Z\u00e1kladn\u00ed \u0161kola Wonderland Academy","article_modified_time":"2026-02-27T08:04:51+00:00","og_image":[{"width":1280,"height":853,"url":"https:\/\/www.wonderlandacademy.cz\/wp-content\/uploads\/2022\/08\/ILCE7R4MBM1-05292.jpg","type":"image\/jpeg"}],"twitter_card":"summary_large_image","twitter_misc":{"Estimated reading time":"1 minute"},"schema":{"@context":"https:\/\/schema.org","@graph":[{"@type":"WebPage","@id":"https:\/\/www.wonderlandacademy.cz\/ms\/letni-program\/","url":"https:\/\/www.wonderlandacademy.cz\/ms\/letni-program\/","name":"Letn\u00ed program - Z\u00e1kladn\u00ed \u0161kola Wonderland Academy","isPartOf":{"@id":"https:\/\/www.wonderlandacademy.cz\/#website"},"primaryImageOfPage":{"@id":"https:\/\/www.wonderlandacademy.cz\/ms\/letni-program\/#primaryimage"},"image":{"@id":"https:\/\/www.wonderlandacademy.cz\/ms\/letni-program\/#primaryimage"},"thumbnailUrl":"https:\/\/www.wonderlandacademy.cz\/wp-content\/uploads\/2022\/08\/ILCE7R4MBM1-05292-1024x682.jpg","datePublished":"2022-06-03T14:00:00+00:00","dateModified":"2026-02-27T08:04:51+00:00","breadcrumb":{"@id":"https:\/\/www.wonderlandacademy.cz\/ms\/letni-program\/#breadcrumb"},"inLanguage":"en-GB","potentialAction":[{"@type":"ReadAction","target":["https:\/\/www.wonderlandacademy.cz\/ms\/letni-program\/"]}]},{"@type":"ImageObject","inLanguage":"en-GB","@id":"https:\/\/www.wonderlandacademy.cz\/ms\/letni-program\/#primaryimage","url":"https:\/\/www.wonderlandacademy.cz\/wp-content\/uploads\/2022\/08\/ILCE7R4MBM1-05292-1024x682.jpg","contentUrl":"https:\/\/www.wonderlandacademy.cz\/wp-content\/uploads\/2022\/08\/ILCE7R4MBM1-05292-1024x682.jpg"},{"@type":"BreadcrumbList","@id":"https:\/\/www.wonderlandacademy.cz\/ms\/letni-program\/#breadcrumb","itemListElement":[{"@type":"ListItem","position":1,"name":"Dom\u016f","item":"https:\/\/www.wonderlandacademy.cz\/"},{"@type":"ListItem","position":2,"name":"M\u0160","item":"https:\/\/www.wonderlandacademy.cz\/ms\/"},{"@type":"ListItem","position":3,"name":"Letn\u00ed program"}]},{"@type":"WebSite","@id":"https:\/\/www.wonderlandacademy.cz\/#website","url":"https:\/\/www.wonderlandacademy.cz\/","name":"Z\u00e1kladn\u00ed \u0161kola Wonderland Academy","description":"Tvo\u0159\u00edme budoucnost Va\u0161ich d\u011bt\u00ed","publisher":{"@id":"https:\/\/www.wonderlandacademy.cz\/#organization"},"potentialAction":[{"@type":"SearchAction","target":{"@type":"EntryPoint","urlTemplate":"https:\/\/www.wonderlandacademy.cz\/?s={search_term_string}"},"query-input":{"@type":"PropertyValueSpecification","valueRequired":true,"valueName":"search_term_string"}}],"inLanguage":"en-GB"},{"@type":"Organization","@id":"https:\/\/www.wonderlandacademy.cz\/#organization","name":"Z\u00e1kladn\u00ed \u0161kola Wonderland Academy","url":"https:\/\/www.wonderlandacademy.cz\/","logo":{"@type":"ImageObject","inLanguage":"en-GB","@id":"https:\/\/www.wonderlandacademy.cz\/#\/schema\/logo\/image\/","url":"https:\/\/www.wonderlandacademy.cz\/wp-content\/uploads\/2021\/12\/logo-wa3.svg","contentUrl":"https:\/\/www.wonderlandacademy.cz\/wp-content\/uploads\/2021\/12\/logo-wa3.svg","width":100,"height":100,"caption":"Z\u00e1kladn\u00ed \u0161kola Wonderland Academy"},"image":{"@id":"https:\/\/www.wonderlandacademy.cz\/#\/schema\/logo\/image\/"}}]}},"publishpress_future_action":{"enabled":false,"date":"2026-05-11 12:44:23","action":"change-status","newStatus":"draft","terms":[],"taxonomy":""},"publishpress_future_workflow_manual_trigger":{"enabledWorkflows":[]},"_links":{"self":[{"href":"https:\/\/www.wonderlandacademy.cz\/en\/wp-json\/wp\/v2\/pages\/1577","targetHints":{"allow":["GET"]}}],"collection":[{"href":"https:\/\/www.wonderlandacademy.cz\/en\/wp-json\/wp\/v2\/pages"}],"about":[{"href":"https:\/\/www.wonderlandacademy.cz\/en\/wp-json\/wp\/v2\/types\/page"}],"author":[{"embeddable":true,"href":"https:\/\/www.wonderlandacademy.cz\/en\/wp-json\/wp\/v2\/users\/1"}],"replies":[{"embeddable":true,"href":"https:\/\/www.wonderlandacademy.cz\/en\/wp-json\/wp\/v2\/comments?post=1577"}],"version-history":[{"count":57,"href":"https:\/\/www.wonderlandacademy.cz\/en\/wp-json\/wp\/v2\/pages\/1577\/revisions"}],"predecessor-version":[{"id":15244,"href":"https:\/\/www.wonderlandacademy.cz\/en\/wp-json\/wp\/v2\/pages\/1577\/revisions\/15244"}],"up":[{"embeddable":true,"href":"https:\/\/www.wonderlandacademy.cz\/en\/wp-json\/wp\/v2\/pages\/589"}],"wp:attachment":[{"href":"https:\/\/www.wonderlandacademy.cz\/en\/wp-json\/wp\/v2\/media?parent=1577"}],"curies":[{"name":"wp","href":"https:\/\/api.w.org\/{rel}","templated":true}]}}