{"id":14751,"date":"2025-11-20T12:46:03","date_gmt":"2025-11-20T11:46:03","guid":{"rendered":"https:\/\/www.wonderlandacademy.cz\/?page_id=14751"},"modified":"2025-11-20T12:50:20","modified_gmt":"2025-11-20T11:50:20","slug":"vyrocni-zpravy","status":"publish","type":"page","link":"https:\/\/www.wonderlandacademy.cz\/en\/zakladni-skola-1-stupen\/vyrocni-zpravy\/","title":{"rendered":"V\u00fdro\u010dn\u00ed zpr\u00e1vy"},"content":{"rendered":"<div data-elementor-type=\"wp-page\" data-elementor-id=\"14751\" class=\"elementor elementor-14751\" data-elementor-post-type=\"page\">\n\t\t\t\t\t\t<section class=\"elementor-section elementor-top-section elementor-element elementor-element-85670fa elementor-section-boxed elementor-section-height-default elementor-section-height-default\" data-id=\"85670fa\" data-element_type=\"section\">\n\t\t\t\t\t\t<div class=\"elementor-container elementor-column-gap-default\">\n\t\t\t\t\t<div class=\"elementor-column elementor-col-100 elementor-top-column elementor-element elementor-element-3942faf\" data-id=\"3942faf\" data-element_type=\"column\">\n\t\t\t<div class=\"elementor-widget-wrap elementor-element-populated\">\n\t\t\t\t\t\t<div class=\"elementor-element elementor-element-2230c5b elementor-widget elementor-widget-spacer\" data-id=\"2230c5b\" data-element_type=\"widget\" data-widget_type=\"spacer.default\">\n\t\t\t\t<div class=\"elementor-widget-container\">\n\t\t\t<style>\/*! elementor - v3.23.0 - 05-08-2024 *\/\n.elementor-column .elementor-spacer-inner{height:var(--spacer-size)}.e-con{--container-widget-width:100%}.e-con-inner>.elementor-widget-spacer,.e-con>.elementor-widget-spacer{width:var(--container-widget-width,var(--spacer-size));--align-self:var(--container-widget-align-self,initial);--flex-shrink:0}.e-con-inner>.elementor-widget-spacer>.elementor-widget-container,.e-con>.elementor-widget-spacer>.elementor-widget-container{height:100%;width:100%}.e-con-inner>.elementor-widget-spacer>.elementor-widget-container>.elementor-spacer,.e-con>.elementor-widget-spacer>.elementor-widget-container>.elementor-spacer{height:100%}.e-con-inner>.elementor-widget-spacer>.elementor-widget-container>.elementor-spacer>.elementor-spacer-inner,.e-con>.elementor-widget-spacer>.elementor-widget-container>.elementor-spacer>.elementor-spacer-inner{height:var(--container-widget-height,var(--spacer-size))}.e-con-inner>.elementor-widget-spacer.elementor-widget-empty,.e-con>.elementor-widget-spacer.elementor-widget-empty{position:relative;min-height:22px;min-width:22px}.e-con-inner>.elementor-widget-spacer.elementor-widget-empty .elementor-widget-empty-icon,.e-con>.elementor-widget-spacer.elementor-widget-empty .elementor-widget-empty-icon{position:absolute;top:0;bottom:0;left:0;right:0;margin:auto;padding:0;width:22px;height:22px}<\/style>\t\t<div class=\"elementor-spacer\">\n\t\t\t<div class=\"elementor-spacer-inner\"><\/div>\n\t\t<\/div>\n\t\t\t\t<\/div>\n\t\t\t\t<\/div>\n\t\t\t\t<div class=\"elementor-element elementor-element-77f842c elementor-widget elementor-widget-heading\" data-id=\"77f842c\" data-element_type=\"widget\" data-widget_type=\"heading.default\">\n\t\t\t\t<div class=\"elementor-widget-container\">\n\t\t\t<style>\/*! elementor - v3.23.0 - 05-08-2024 *\/\n.elementor-heading-title{padding:0;margin:0;line-height:1}.elementor-widget-heading .elementor-heading-title[class*=elementor-size-]>a{color:inherit;font-size:inherit;line-height:inherit}.elementor-widget-heading .elementor-heading-title.elementor-size-small{font-size:15px}.elementor-widget-heading .elementor-heading-title.elementor-size-medium{font-size:19px}.elementor-widget-heading .elementor-heading-title.elementor-size-large{font-size:29px}.elementor-widget-heading .elementor-heading-title.elementor-size-xl{font-size:39px}.elementor-widget-heading .elementor-heading-title.elementor-size-xxl{font-size:59px}<\/style><h2 class=\"elementor-heading-title elementor-size-default\"><a href=\"https:\/\/portal.gov.cz\/moduly\/crvz-106\/t3r3988-zakladni-skola-wonderland-academy-s-r-o\/2024\">V\u00fdro\u010dn\u00ed zpr\u00e1va 2024<\/a><\/h2>\t\t<\/div>\n\t\t\t\t<\/div>\n\t\t\t\t\t<\/div>\n\t\t<\/div>\n\t\t\t\t\t<\/div>\n\t\t<\/section>\n\t\t\t\t<\/div>","protected":false},"excerpt":{"rendered":"<p>V\u00fdro\u010dn\u00ed zpr\u00e1va 2024<\/p>","protected":false},"author":12,"featured_media":0,"parent":618,"menu_order":0,"comment_status":"closed","ping_status":"closed","template":"","meta":{"footnotes":""},"class_list":["post-14751","page","type-page","status-publish","hentry"],"yoast_head":"<!-- This site is optimized with the Yoast SEO plugin v24.3 - https:\/\/yoast.com\/wordpress\/plugins\/seo\/ -->\n<title>V\u00fdro\u010dn\u00ed zpr\u00e1vy - Z\u00e1kladn\u00ed \u0161kola Wonderland Academy<\/title>\n<meta name=\"robots\" content=\"index, follow, max-snippet:-1, max-image-preview:large, max-video-preview:-1\" \/>\n<link rel=\"canonical\" href=\"https:\/\/www.wonderlandacademy.cz\/en\/zakladni-skola-1-stupen\/vyrocni-zpravy\/\" \/>\n<meta property=\"og:locale\" content=\"en_GB\" \/>\n<meta property=\"og:type\" content=\"article\" \/>\n<meta property=\"og:title\" content=\"V\u00fdro\u010dn\u00ed zpr\u00e1vy - Z\u00e1kladn\u00ed \u0161kola Wonderland Academy\" \/>\n<meta property=\"og:description\" content=\"V\u00fdro\u010dn\u00ed zpr\u00e1va 2024\" \/>\n<meta property=\"og:url\" content=\"https:\/\/www.wonderlandacademy.cz\/en\/zakladni-skola-1-stupen\/vyrocni-zpravy\/\" \/>\n<meta property=\"og:site_name\" content=\"Z\u00e1kladn\u00ed \u0161kola Wonderland Academy\" \/>\n<meta property=\"article:modified_time\" content=\"2025-11-20T11:50:20+00:00\" \/>\n<meta name=\"twitter:card\" content=\"summary_large_image\" \/>\n<meta name=\"twitter:label1\" content=\"Estimated reading time\" \/>\n\t<meta name=\"twitter:data1\" content=\"1 minute\" \/>\n<script type=\"application\/ld+json\" class=\"yoast-schema-graph\">{\"@context\":\"https:\/\/schema.org\",\"@graph\":[{\"@type\":\"WebPage\",\"@id\":\"https:\/\/www.wonderlandacademy.cz\/zakladni-skola-1-stupen\/vyrocni-zpravy\/\",\"url\":\"https:\/\/www.wonderlandacademy.cz\/zakladni-skola-1-stupen\/vyrocni-zpravy\/\",\"name\":\"V\u00fdro\u010dn\u00ed zpr\u00e1vy - Z\u00e1kladn\u00ed \u0161kola Wonderland Academy\",\"isPartOf\":{\"@id\":\"https:\/\/www.wonderlandacademy.cz\/#website\"},\"datePublished\":\"2025-11-20T11:46:03+00:00\",\"dateModified\":\"2025-11-20T11:50:20+00:00\",\"breadcrumb\":{\"@id\":\"https:\/\/www.wonderlandacademy.cz\/zakladni-skola-1-stupen\/vyrocni-zpravy\/#breadcrumb\"},\"inLanguage\":\"en-GB\",\"potentialAction\":[{\"@type\":\"ReadAction\",\"target\":[\"https:\/\/www.wonderlandacademy.cz\/zakladni-skola-1-stupen\/vyrocni-zpravy\/\"]}]},{\"@type\":\"BreadcrumbList\",\"@id\":\"https:\/\/www.wonderlandacademy.cz\/zakladni-skola-1-stupen\/vyrocni-zpravy\/#breadcrumb\",\"itemListElement\":[{\"@type\":\"ListItem\",\"position\":1,\"name\":\"Dom\u016f\",\"item\":\"https:\/\/www.wonderlandacademy.cz\/\"},{\"@type\":\"ListItem\",\"position\":2,\"name\":\"Z\u00e1kladn\u00ed \u0161kola &#8211; 1. stupe\u0148\",\"item\":\"https:\/\/www.wonderlandacademy.cz\/zakladni-skola-1-stupen\/\"},{\"@type\":\"ListItem\",\"position\":3,\"name\":\"V\u00fdro\u010dn\u00ed zpr\u00e1vy\"}]},{\"@type\":\"WebSite\",\"@id\":\"https:\/\/www.wonderlandacademy.cz\/#website\",\"url\":\"https:\/\/www.wonderlandacademy.cz\/\",\"name\":\"Z\u00e1kladn\u00ed \u0161kola Wonderland Academy\",\"description\":\"Tvo\u0159\u00edme budoucnost Va\u0161ich d\u011bt\u00ed\",\"publisher\":{\"@id\":\"https:\/\/www.wonderlandacademy.cz\/#organization\"},\"potentialAction\":[{\"@type\":\"SearchAction\",\"target\":{\"@type\":\"EntryPoint\",\"urlTemplate\":\"https:\/\/www.wonderlandacademy.cz\/?s={search_term_string}\"},\"query-input\":{\"@type\":\"PropertyValueSpecification\",\"valueRequired\":true,\"valueName\":\"search_term_string\"}}],\"inLanguage\":\"en-GB\"},{\"@type\":\"Organization\",\"@id\":\"https:\/\/www.wonderlandacademy.cz\/#organization\",\"name\":\"Z\u00e1kladn\u00ed \u0161kola Wonderland Academy\",\"url\":\"https:\/\/www.wonderlandacademy.cz\/\",\"logo\":{\"@type\":\"ImageObject\",\"inLanguage\":\"en-GB\",\"@id\":\"https:\/\/www.wonderlandacademy.cz\/#\/schema\/logo\/image\/\",\"url\":\"https:\/\/www.wonderlandacademy.cz\/wp-content\/uploads\/2021\/12\/logo-wa3.svg\",\"contentUrl\":\"https:\/\/www.wonderlandacademy.cz\/wp-content\/uploads\/2021\/12\/logo-wa3.svg\",\"width\":100,\"height\":100,\"caption\":\"Z\u00e1kladn\u00ed \u0161kola Wonderland Academy\"},\"image\":{\"@id\":\"https:\/\/www.wonderlandacademy.cz\/#\/schema\/logo\/image\/\"}}]}<\/script>\n<!-- \/ Yoast SEO plugin. -->","yoast_head_json":{"title":"V\u00fdro\u010dn\u00ed zpr\u00e1vy - Z\u00e1kladn\u00ed \u0161kola Wonderland Academy","robots":{"index":"index","follow":"follow","max-snippet":"max-snippet:-1","max-image-preview":"max-image-preview:large","max-video-preview":"max-video-preview:-1"},"canonical":"https:\/\/www.wonderlandacademy.cz\/en\/zakladni-skola-1-stupen\/vyrocni-zpravy\/","og_locale":"en_GB","og_type":"article","og_title":"V\u00fdro\u010dn\u00ed zpr\u00e1vy - Z\u00e1kladn\u00ed \u0161kola Wonderland Academy","og_description":"V\u00fdro\u010dn\u00ed zpr\u00e1va 2024","og_url":"https:\/\/www.wonderlandacademy.cz\/en\/zakladni-skola-1-stupen\/vyrocni-zpravy\/","og_site_name":"Z\u00e1kladn\u00ed \u0161kola Wonderland Academy","article_modified_time":"2025-11-20T11:50:20+00:00","twitter_card":"summary_large_image","twitter_misc":{"Estimated reading time":"1 minute"},"schema":{"@context":"https:\/\/schema.org","@graph":[{"@type":"WebPage","@id":"https:\/\/www.wonderlandacademy.cz\/zakladni-skola-1-stupen\/vyrocni-zpravy\/","url":"https:\/\/www.wonderlandacademy.cz\/zakladni-skola-1-stupen\/vyrocni-zpravy\/","name":"V\u00fdro\u010dn\u00ed zpr\u00e1vy - Z\u00e1kladn\u00ed \u0161kola Wonderland Academy","isPartOf":{"@id":"https:\/\/www.wonderlandacademy.cz\/#website"},"datePublished":"2025-11-20T11:46:03+00:00","dateModified":"2025-11-20T11:50:20+00:00","breadcrumb":{"@id":"https:\/\/www.wonderlandacademy.cz\/zakladni-skola-1-stupen\/vyrocni-zpravy\/#breadcrumb"},"inLanguage":"en-GB","potentialAction":[{"@type":"ReadAction","target":["https:\/\/www.wonderlandacademy.cz\/zakladni-skola-1-stupen\/vyrocni-zpravy\/"]}]},{"@type":"BreadcrumbList","@id":"https:\/\/www.wonderlandacademy.cz\/zakladni-skola-1-stupen\/vyrocni-zpravy\/#breadcrumb","itemListElement":[{"@type":"ListItem","position":1,"name":"Dom\u016f","item":"https:\/\/www.wonderlandacademy.cz\/"},{"@type":"ListItem","position":2,"name":"Z\u00e1kladn\u00ed \u0161kola &#8211; 1. stupe\u0148","item":"https:\/\/www.wonderlandacademy.cz\/zakladni-skola-1-stupen\/"},{"@type":"ListItem","position":3,"name":"V\u00fdro\u010dn\u00ed zpr\u00e1vy"}]},{"@type":"WebSite","@id":"https:\/\/www.wonderlandacademy.cz\/#website","url":"https:\/\/www.wonderlandacademy.cz\/","name":"Z\u00e1kladn\u00ed \u0161kola Wonderland Academy","description":"Tvo\u0159\u00edme budoucnost Va\u0161ich d\u011bt\u00ed","publisher":{"@id":"https:\/\/www.wonderlandacademy.cz\/#organization"},"potentialAction":[{"@type":"SearchAction","target":{"@type":"EntryPoint","urlTemplate":"https:\/\/www.wonderlandacademy.cz\/?s={search_term_string}"},"query-input":{"@type":"PropertyValueSpecification","valueRequired":true,"valueName":"search_term_string"}}],"inLanguage":"en-GB"},{"@type":"Organization","@id":"https:\/\/www.wonderlandacademy.cz\/#organization","name":"Z\u00e1kladn\u00ed \u0161kola Wonderland Academy","url":"https:\/\/www.wonderlandacademy.cz\/","logo":{"@type":"ImageObject","inLanguage":"en-GB","@id":"https:\/\/www.wonderlandacademy.cz\/#\/schema\/logo\/image\/","url":"https:\/\/www.wonderlandacademy.cz\/wp-content\/uploads\/2021\/12\/logo-wa3.svg","contentUrl":"https:\/\/www.wonderlandacademy.cz\/wp-content\/uploads\/2021\/12\/logo-wa3.svg","width":100,"height":100,"caption":"Z\u00e1kladn\u00ed \u0161kola Wonderland Academy"},"image":{"@id":"https:\/\/www.wonderlandacademy.cz\/#\/schema\/logo\/image\/"}}]}},"publishpress_future_action":{"enabled":false,"date":"2026-05-14 18:00:59","action":"change-status","newStatus":"draft","terms":[],"taxonomy":""},"publishpress_future_workflow_manual_trigger":{"enabledWorkflows":[]},"_links":{"self":[{"href":"https:\/\/www.wonderlandacademy.cz\/en\/wp-json\/wp\/v2\/pages\/14751","targetHints":{"allow":["GET"]}}],"collection":[{"href":"https:\/\/www.wonderlandacademy.cz\/en\/wp-json\/wp\/v2\/pages"}],"about":[{"href":"https:\/\/www.wonderlandacademy.cz\/en\/wp-json\/wp\/v2\/types\/page"}],"author":[{"embeddable":true,"href":"https:\/\/www.wonderlandacademy.cz\/en\/wp-json\/wp\/v2\/users\/12"}],"replies":[{"embeddable":true,"href":"https:\/\/www.wonderlandacademy.cz\/en\/wp-json\/wp\/v2\/comments?post=14751"}],"version-history":[{"count":7,"href":"https:\/\/www.wonderlandacademy.cz\/en\/wp-json\/wp\/v2\/pages\/14751\/revisions"}],"predecessor-version":[{"id":14759,"href":"https:\/\/www.wonderlandacademy.cz\/en\/wp-json\/wp\/v2\/pages\/14751\/revisions\/14759"}],"up":[{"embeddable":true,"href":"https:\/\/www.wonderlandacademy.cz\/en\/wp-json\/wp\/v2\/pages\/618"}],"wp:attachment":[{"href":"https:\/\/www.wonderlandacademy.cz\/en\/wp-json\/wp\/v2\/media?parent=14751"}],"curies":[{"name":"wp","href":"https:\/\/api.w.org\/{rel}","templated":true}]}}